{"id":1774,"date":"2024-07-16T09:53:04","date_gmt":"2024-07-16T07:53:04","guid":{"rendered":"https:\/\/www.assap.ad\/?page_id=1774"},"modified":"2024-08-01T17:40:43","modified_gmt":"2024-08-01T15:40:43","slug":"trabaja-con-nosotros","status":"publish","type":"page","link":"https:\/\/www.assap.ad\/es\/trabaja-con-nosotros\/","title":{"rendered":"Trabaja con nosotros"},"content":{"rendered":"\n[et_pb_section fb_built=\u00bb1&#8243; admin_label=\u00bbQuieres pedir presupuesto\u00bb _builder_version=\u00bb4.26.0&#8243; _module_preset=\u00bbdefault\u00bb background_color=\u00bb#F3F8FC\u00bb custom_padding=\u00bb0px|||||\u00bb global_colors_info=\u00bb{}\u00bb][et_pb_row custom_padding_last_edited=\u00bbon|tablet\u00bb _builder_version=\u00bb4.27.0&#8243; _module_preset=\u00bbdefault\u00bb custom_padding=\u00bb40px||||false|false\u00bb custom_padding_tablet=\u00bb30px||||false|false\u00bb custom_padding_phone=\u00bb30px||||false|false\u00bb locked=\u00bboff\u00bb global_colors_info=\u00bb{}\u00bb global_module=\u00bb3533&#8243; theme_builder_area=\u00bbpost_content\u00bb][et_pb_column type=\u00bb4_4&#8243; _builder_version=\u00bb4.25.2&#8243; _module_preset=\u00bbdefault\u00bb global_colors_info=\u00bb{}\u00bb theme_builder_area=\u00bbpost_content\u00bb][et_pb_code module_class=\u00bbbreadcrumb\u00bb _builder_version=\u00bb4.27.0&#8243; _module_preset=\u00bbdefault\u00bb locked=\u00bboff\u00bb global_colors_info=\u00bb{}\u00bb theme_builder_area=\u00bbpost_content\u00bb]<nav aria-label=\"breadcrumbs\" class=\"rank-math-breadcrumb\"><p><a href=\"https:\/\/www.assap.ad\/es\/\">Inicio<\/a><span class=\"separator\"> &gt; <\/span><span class=\"last\">Inicio<\/span><\/p><\/nav>[\/et_pb_code][\/et_pb_column][\/et_pb_row][et_pb_row _builder_version=\u00bb4.25.2&#8243; _module_preset=\u00bbdefault\u00bb locked=\u00bboff\u00bb global_colors_info=\u00bb{}\u00bb][et_pb_column type=\u00bb4_4&#8243; _builder_version=\u00bb4.25.2&#8243; _module_preset=\u00bbdefault\u00bb global_colors_info=\u00bb{}\u00bb][et_pb_text admin_label=\u00bbh2&#8243; _builder_version=\u00bb4.27.0&#8243; _module_preset=\u00bbdefault\u00bb header_text_align=\u00bbcenter\u00bb header_2_text_align=\u00bbcenter\u00bb hover_enabled=\u00bb0&#8243; header_2_font_size_tablet=\u00bb\u00bb header_2_font_size_phone=\u00bb\u00bb header_2_font_size_last_edited=\u00bbon|phone\u00bb global_colors_info=\u00bb{}\u00bb animation_style=\u00bbslide\u00bb animation_direction=\u00bbtop\u00bb sticky_enabled=\u00bb0&#8243;]<h1>\u00bfQuieres formar parte de nuestro equipo?<\/h1>[\/et_pb_text][et_pb_text _builder_version=\u00bb4.26.1&#8243; _module_preset=\u00bbdefault\u00bb text_orientation=\u00bbcenter\u00bb max_width=\u00bb500px\u00bb module_alignment=\u00bbcenter\u00bb global_colors_info=\u00bb{}\u00bb]<p>Facil\u00edtanos tus datos y un gestor de ASSAP te atender\u00e1 \u00bfDudas? \u00bfPreguntas?<\/p>[\/et_pb_text][\/et_pb_column][\/et_pb_row][et_pb_row _builder_version=\u00bb4.26.0&#8243; _module_preset=\u00bbdefault\u00bb global_colors_info=\u00bb{}\u00bb][et_pb_column type=\u00bb4_4&#8243; _builder_version=\u00bb4.26.0&#8243; _module_preset=\u00bbdefault\u00bb global_colors_info=\u00bb{}\u00bb][et_pb_code _builder_version=\u00bb4.26.1&#8243; _module_preset=\u00bbdefault\u00bb global_colors_info=\u00bb{}\u00bb]\n<div class=\"wpcf7 no-js\" id=\"wpcf7-f1773-o1\" lang=\"es-ES\" dir=\"ltr\" data-wpcf7-id=\"1773\">\n<div class=\"screen-reader-response\"><p role=\"status\" aria-live=\"polite\" aria-atomic=\"true\"><\/p> <ul><\/ul><\/div>\n<form action=\"\/es\/wp-json\/wp\/v2\/pages\/1774#wpcf7-f1773-o1\" method=\"post\" class=\"wpcf7-form init\" aria-label=\"Formulario de contacto\" enctype=\"multipart\/form-data\" novalidate=\"novalidate\" data-status=\"init\">\n<fieldset class=\"hidden-fields-container\"><input type=\"hidden\" name=\"_wpcf7\" value=\"1773\" \/><input type=\"hidden\" name=\"_wpcf7_version\" value=\"6.1\" \/><input type=\"hidden\" name=\"_wpcf7_locale\" value=\"es_ES\" \/><input type=\"hidden\" name=\"_wpcf7_unit_tag\" value=\"wpcf7-f1773-o1\" \/><input type=\"hidden\" name=\"_wpcf7_container_post\" value=\"0\" \/><input type=\"hidden\" name=\"_wpcf7_posted_data_hash\" value=\"\" \/><input type=\"hidden\" name=\"_wpcf7cf_hidden_group_fields\" value=\"[]\" \/><input type=\"hidden\" name=\"_wpcf7cf_hidden_groups\" value=\"[]\" \/><input type=\"hidden\" name=\"_wpcf7cf_visible_groups\" value=\"[]\" \/><input type=\"hidden\" name=\"_wpcf7cf_repeaters\" value=\"[]\" \/><input type=\"hidden\" name=\"_wpcf7cf_steps\" value=\"{}\" \/><input type=\"hidden\" name=\"_wpcf7cf_options\" value=\"{&quot;form_id&quot;:1773,&quot;conditions&quot;:[],&quot;settings&quot;:{&quot;animation&quot;:&quot;yes&quot;,&quot;animation_intime&quot;:200,&quot;animation_outtime&quot;:200,&quot;conditions_ui&quot;:&quot;normal&quot;,&quot;notice_dismissed&quot;:false,&quot;notice_dismissed_rollback-cf7-5.9.6&quot;:true,&quot;notice_dismissed_rollback-cf7-5.9.7&quot;:true}}\" \/><input type=\"hidden\" name=\"_wpcf7_recaptcha_response\" value=\"\" \/>\n<\/fieldset>\n<div id=\"responsive-form\" class=\"clearfix\">\n\t<div class=\"form-row\">\n\t\t<div class=\"column-half\">\n\t\t\t<p><span class=\"wpcf7-form-control-wrap\" data-name=\"your-name\"><input size=\"40\" maxlength=\"400\" class=\"wpcf7-form-control wpcf7-text wpcf7-validates-as-required form-control\" id=\"Name\" autocomplete=\"name\" aria-required=\"true\" aria-invalid=\"false\" placeholder=\"Nombre y apellido\" value=\"\" type=\"text\" name=\"your-name\" \/><\/span>\n\t\t\t<\/p>\n\t\t<\/div>\n\t\t<div class=\"column-half\">\n\t\t\t<p><label class=\"label-form\">Curr\u00edculum<\/label><span class=\"wpcf7-form-control-wrap\" data-name=\"curriculum\"><input size=\"40\" class=\"wpcf7-form-control wpcf7-file wpcf7-validates-as-required form-control file-upload\" id=\"curriculum\" accept=\".pdf\" aria-required=\"true\" aria-invalid=\"false\" type=\"file\" name=\"curriculum\" \/><\/span>\n\t\t\t<\/p>\n\t\t<\/div>\n\t<\/div>\n\t<div class=\"form-row\">\n\t\t<div class=\"column-half\">\n\t\t\t<p><span class=\"wpcf7-form-control-wrap\" data-name=\"your-email\"><input size=\"40\" maxlength=\"400\" class=\"wpcf7-form-control wpcf7-email wpcf7-validates-as-required wpcf7-text wpcf7-validates-as-email form-control\" id=\"email\" autocomplete=\"email\" aria-required=\"true\" aria-invalid=\"false\" placeholder=\"Correo electr\u00f3nico\" value=\"\" type=\"email\" name=\"your-email\" \/><\/span>\n\t\t\t<\/p>\n\t\t<\/div>\n\t\t<div class=\"column-half\">\n\t\t\t<p><span class=\"wpcf7-form-control-wrap\" data-name=\"phone\"><input size=\"40\" maxlength=\"400\" class=\"wpcf7-form-control wpcf7-tel wpcf7-validates-as-required wpcf7-text wpcf7-validates-as-tel form-control\" id=\"phone\" aria-required=\"true\" aria-invalid=\"false\" placeholder=\"Tel\u00e9fono de contacto\" value=\"\" type=\"tel\" name=\"phone\" \/><\/span>\n\t\t\t<\/p>\n\t\t<\/div>\n\t<\/div>\n\t<div class=\"form-row\">\n\t\t<div class=\"column-full\">\n\t\t\t<p><span class=\"wpcf7-form-control-wrap\" data-name=\"your-message\"><textarea cols=\"40\" rows=\"10\" maxlength=\"2000\" class=\"wpcf7-form-control wpcf7-textarea form-control\" id=\"message\" aria-invalid=\"false\" placeholder=\"Breve explicaci\u00f3n\" name=\"your-message\"><\/textarea><\/span>\n\t\t\t<\/p>\n\t\t<\/div>\n\t<\/div>\n\t<div class=\"form-row\">\n\t\t<div class=\"column-half\">\n\t\t\t<p><span class=\"wpcf7-form-control-wrap\" data-name=\"autorizo_marketing\"><span class=\"wpcf7-form-control wpcf7-checkbox wpcf7-exclusive-checkbox checkbox\" id=\"autorizo_marketing\"><span class=\"wpcf7-list-item first last\"><label><input type=\"checkbox\" name=\"autorizo_marketing\" value=\"Autorizo el tratamiento de mis datos para recibir informaci\u00f3n por medios electr\u00f3nicos\" \/><span class=\"wpcf7-list-item-label\">Autorizo el tratamiento de mis datos para recibir informaci\u00f3n por medios electr\u00f3nicos<\/span><\/label><\/span><\/span><\/span><br \/>\n<span class=\"wpcf7-form-control-wrap\" data-name=\"rgpd\"><span class=\"wpcf7-form-control wpcf7-acceptance\"><span class=\"wpcf7-list-item\"><label><input type=\"checkbox\" name=\"rgpd\" value=\"1\" class=\"checkbox\" aria-invalid=\"false\" \/><span class=\"wpcf7-list-item-label\"><span class=\"checkbox\">He le\u00eddo y acepto la <a href=\"https:\/\/www.assap.ad\/wp-content\/uploads\/2024\/11\/es-02-Cla\u0301usulas-Formulario-2-Ver.-22.0-Trabaja-con-nosotros.pdf\" target=\"_blank\" rel=\"noopener noreferrer\">cl\u00e1usula de Informaci\u00f3n<\/a> sobre <a href=\"https:\/\/www.assap.ad\/wp-content\/uploads\/2024\/11\/es-01-Proteccio\u0301n-de-datos-Ver.-22.pdf\" target=\"_blank\" rel=\"noopener noreferrer\">Protecci\u00f3n de Datos<\/a><\/sapn><\/span><\/label><\/span><\/span><\/span>\n\t\t\t<\/p>\n\t\t<\/div>\n\t\t<div class=\"column-half boton-submit\">\n\t\t\t<p><input class=\"wpcf7-form-control wpcf7-submit has-spinner submit et_pb_button\" type=\"submit\" value=\"Consultar\" \/>\n\t\t\t<\/p>\n\t\t<\/div>\n\t<\/div>\n<\/div><!--end responsive-form--><div class=\"wpcf7-response-output\" aria-hidden=\"true\"><\/div>\n<\/form>\n<\/div>\n[\/et_pb_code][\/et_pb_column][\/et_pb_row][\/et_pb_section]\n","protected":false},"excerpt":{"rendered":"<p><nav aria-label=\"breadcrumbs\" class=\"rank-math-breadcrumb\"><p><a href=\"https:\/\/www.assap.ad\/es\/\">Inicio<\/a><span class=\"separator\"> &gt; <\/span><span class=\"last\">Inicio<\/span><\/p><\/nav>\u00bfQuieres formar parte de nuestro equipo?Facil\u00edtanos tus datos y un gestor de ASSAP te atender\u00e1 \u00bfDudas? \u00bfPreguntas?\n<div class=\"wpcf7 no-js\" id=\"wpcf7-f1773-o2\" lang=\"es-ES\" dir=\"ltr\" data-wpcf7-id=\"1773\">\n<div class=\"screen-reader-response\"><p role=\"status\" aria-live=\"polite\" aria-atomic=\"true\"><\/p> <ul><\/ul><\/div>\n<form action=\"\/es\/wp-json\/wp\/v2\/pages\/1774#wpcf7-f1773-o2\" method=\"post\" class=\"wpcf7-form init\" aria-label=\"Formulario de contacto\" enctype=\"multipart\/form-data\" novalidate=\"novalidate\" data-status=\"init\">\n<fieldset class=\"hidden-fields-container\"><input type=\"hidden\" name=\"_wpcf7\" value=\"1773\" \/><input type=\"hidden\" name=\"_wpcf7_version\" value=\"6.1\" \/><input type=\"hidden\" name=\"_wpcf7_locale\" value=\"es_ES\" \/><input type=\"hidden\" name=\"_wpcf7_unit_tag\" value=\"wpcf7-f1773-o2\" \/><input type=\"hidden\" name=\"_wpcf7_container_post\" value=\"0\" \/><input type=\"hidden\" name=\"_wpcf7_posted_data_hash\" value=\"\" \/><input type=\"hidden\" name=\"_wpcf7cf_hidden_group_fields\" value=\"[]\" \/><input type=\"hidden\" name=\"_wpcf7cf_hidden_groups\" value=\"[]\" \/><input type=\"hidden\" name=\"_wpcf7cf_visible_groups\" value=\"[]\" \/><input type=\"hidden\" name=\"_wpcf7cf_repeaters\" value=\"[]\" \/><input type=\"hidden\" name=\"_wpcf7cf_steps\" value=\"{}\" \/><input type=\"hidden\" name=\"_wpcf7cf_options\" value=\"{&quot;form_id&quot;:1773,&quot;conditions&quot;:[],&quot;settings&quot;:{&quot;animation&quot;:&quot;yes&quot;,&quot;animation_intime&quot;:200,&quot;animation_outtime&quot;:200,&quot;conditions_ui&quot;:&quot;normal&quot;,&quot;notice_dismissed&quot;:false,&quot;notice_dismissed_rollback-cf7-5.9.6&quot;:true,&quot;notice_dismissed_rollback-cf7-5.9.7&quot;:true}}\" \/><input type=\"hidden\" name=\"_wpcf7_recaptcha_response\" value=\"\" \/>\n<\/fieldset>\n<div id=\"responsive-form\" class=\"clearfix\">\n\t<div class=\"form-row\">\n\t\t<div class=\"column-half\">\n\t\t\t<p><span class=\"wpcf7-form-control-wrap\" data-name=\"your-name\"><input size=\"40\" maxlength=\"400\" class=\"wpcf7-form-control wpcf7-text wpcf7-validates-as-required form-control\" autocomplete=\"name\" aria-required=\"true\" aria-invalid=\"false\" placeholder=\"Nombre y apellido\" value=\"\" type=\"text\" name=\"your-name\" \/><\/span>\n\t\t\t<\/p>\n\t\t<\/div>\n\t\t<div class=\"column-half\">\n\t\t\t<p><label class=\"label-form\">Curr\u00edculum<\/label><span class=\"wpcf7-form-control-wrap\" data-name=\"curriculum\"><input size=\"40\" class=\"wpcf7-form-control wpcf7-file wpcf7-validates-as-required form-control file-upload\" accept=\".pdf\" aria-required=\"true\" aria-invalid=\"false\" type=\"file\" name=\"curriculum\" \/><\/span>\n\t\t\t<\/p>\n\t\t<\/div>\n\t<\/div>\n\t<div class=\"form-row\">\n\t\t<div class=\"column-half\">\n\t\t\t<p><span class=\"wpcf7-form-control-wrap\" data-name=\"your-email\"><input size=\"40\" maxlength=\"400\" class=\"wpcf7-form-control wpcf7-email wpcf7-validates-as-required wpcf7-text wpcf7-validates-as-email form-control\" autocomplete=\"email\" aria-required=\"true\" aria-invalid=\"false\" placeholder=\"Correo electr\u00f3nico\" value=\"\" type=\"email\" name=\"your-email\" \/><\/span>\n\t\t\t<\/p>\n\t\t<\/div>\n\t\t<div class=\"column-half\">\n\t\t\t<p><span class=\"wpcf7-form-control-wrap\" data-name=\"phone\"><input size=\"40\" maxlength=\"400\" class=\"wpcf7-form-control wpcf7-tel wpcf7-validates-as-required wpcf7-text wpcf7-validates-as-tel form-control\" aria-required=\"true\" aria-invalid=\"false\" placeholder=\"Tel\u00e9fono de contacto\" value=\"\" type=\"tel\" name=\"phone\" \/><\/span>\n\t\t\t<\/p>\n\t\t<\/div>\n\t<\/div>\n\t<div class=\"form-row\">\n\t\t<div class=\"column-full\">\n\t\t\t<p><span class=\"wpcf7-form-control-wrap\" data-name=\"your-message\"><textarea cols=\"40\" rows=\"10\" maxlength=\"2000\" class=\"wpcf7-form-control wpcf7-textarea form-control\" aria-invalid=\"false\" placeholder=\"Breve explicaci\u00f3n\" name=\"your-message\"><\/textarea><\/span>\n\t\t\t<\/p>\n\t\t<\/div>\n\t<\/div>\n\t<div class=\"form-row\">\n\t\t<div class=\"column-half\">\n\t\t\t<p><span class=\"wpcf7-form-control-wrap\" data-name=\"autorizo_marketing\"><span class=\"wpcf7-form-control wpcf7-checkbox wpcf7-exclusive-checkbox checkbox\"><span class=\"wpcf7-list-item first last\"><label><input type=\"checkbox\" name=\"autorizo_marketing\" value=\"Autorizo el tratamiento de mis datos para recibir informaci\u00f3n por medios electr\u00f3nicos\" \/><span class=\"wpcf7-list-item-label\">Autorizo el tratamiento de mis datos para recibir informaci\u00f3n por medios electr\u00f3nicos<\/span><\/label><\/span><\/span><\/span><br \/>\n<span class=\"wpcf7-form-control-wrap\" data-name=\"rgpd\"><span class=\"wpcf7-form-control wpcf7-acceptance\"><span class=\"wpcf7-list-item\"><label><input type=\"checkbox\" name=\"rgpd\" value=\"1\" class=\"checkbox\" aria-invalid=\"false\" \/><span class=\"wpcf7-list-item-label\"><span class=\"checkbox\">He le\u00eddo y acepto la <a href=\"https:\/\/www.assap.ad\/wp-content\/uploads\/2024\/11\/es-02-Cla\u0301usulas-Formulario-2-Ver.-22.0-Trabaja-con-nosotros.pdf\" target=\"_blank\" rel=\"noopener noreferrer\">cl\u00e1usula de Informaci\u00f3n<\/a> sobre <a href=\"https:\/\/www.assap.ad\/wp-content\/uploads\/2024\/11\/es-01-Proteccio\u0301n-de-datos-Ver.-22.pdf\" target=\"_blank\" rel=\"noopener noreferrer\">Protecci\u00f3n de Datos<\/a><\/sapn><\/span><\/label><\/span><\/span><\/span>\n\t\t\t<\/p>\n\t\t<\/div>\n\t\t<div class=\"column-half boton-submit\">\n\t\t\t<p><input class=\"wpcf7-form-control wpcf7-submit has-spinner submit et_pb_button\" type=\"submit\" value=\"Consultar\" \/>\n\t\t\t<\/p>\n\t\t<\/div>\n\t<\/div>\n<\/div><!--end responsive-form--><div class=\"wpcf7-response-output\" aria-hidden=\"true\"><\/div>\n<\/form>\n<\/div>\n<\/p>\n","protected":false},"author":1,"featured_media":0,"parent":0,"menu_order":5,"comment_status":"closed","ping_status":"closed","template":"","meta":{"_acf_changed":false,"_et_pb_use_builder":"on","_et_pb_old_content":"<!-- wp:cover {\"url\":\"https:\/\/www.assap.ad\/wp-content\/uploads\/2022\/03\/wide-neutra.jpg\",\"id\":15,\"dimRatio\":60,\"overlayColor\":\"primary\",\"minHeight\":500,\"align\":\"full\"} -->\n<div class=\"wp-block-cover alignfull\" style=\"min-height:500px\"><span aria-hidden=\"true\" class=\"wp-block-cover__background has-primary-background-color has-background-dim-60 has-background-dim\"><\/span><img class=\"wp-block-cover__image-background wp-image-15\" alt=\"\" src=\"https:\/\/www.assap.ad\/wp-content\/uploads\/2022\/03\/wide-neutra.jpg\" data-object-fit=\"cover\"\/><div class=\"wp-block-cover__inner-container\"><!-- wp:heading {\"textAlign\":\"center\",\"level\":1,\"align\":\"wide\",\"textColor\":\"background\",\"fontSize\":\"xx-large\"} -->\n<h1 class=\"alignwide has-text-align-center has-background-color has-text-color has-xx-large-font-size\">Escribe un t\u00edtulo para impresionar a tus visitantes<\/h1>\n<!-- \/wp:heading -->\n\n<!-- wp:buttons {\"layout\":{\"type\":\"flex\",\"justifyContent\":\"center\"}} -->\n<div class=\"wp-block-buttons\"><!-- wp:button {\"backgroundColor\":\"background\",\"textColor\":\"foreground\"} -->\n<div class=\"wp-block-button\"><a class=\"wp-block-button__link has-foreground-color has-background-background-color has-text-color has-background wp-element-button\">Saber m\u00e1s<\/a><\/div>\n<!-- \/wp:button --><\/div>\n<!-- \/wp:buttons --><\/div><\/div>\n<!-- \/wp:cover -->\n\n<!-- wp:paragraph {\"style\":{\"spacing\":{\"margin\":{\"top\":\"var:preset|spacing|60\",\"right\":\"var:preset|spacing|60\",\"bottom\":\"var:preset|spacing|60\",\"left\":\"var:preset|spacing|60\"},\"padding\":{\"top\":\"var:preset|spacing|30\",\"right\":\"var:preset|spacing|30\",\"bottom\":\"var:preset|spacing|30\",\"left\":\"var:preset|spacing|30\"}}}} -->\n<p style=\"margin-top:var(--wp--preset--spacing--60);margin-right:var(--wp--preset--spacing--60);margin-bottom:var(--wp--preset--spacing--60);margin-left:var(--wp--preset--spacing--60);padding-top:var(--wp--preset--spacing--30);padding-right:var(--wp--preset--spacing--30);padding-bottom:var(--wp--preset--spacing--30);padding-left:var(--wp--preset--spacing--30)\">En estas primeras l\u00edneas puedes contar qu\u00e9 es lo que te hace diferente ante los dem\u00e1s, esa frase o concepto por el que quieres que te recuerden.<\/p>\n<!-- \/wp:paragraph -->\n\n<!-- wp:spacer {\"height\":\"20px\"} -->\n<div style=\"height:20px\" aria-hidden=\"true\" class=\"wp-block-spacer\"><\/div>\n<!-- \/wp:spacer -->\n\n<!-- wp:spacer {\"height\":\"20px\"} -->\n<div style=\"height:20px\" aria-hidden=\"true\" class=\"wp-block-spacer\"><\/div>\n<!-- \/wp:spacer -->\n\n<!-- wp:heading {\"textAlign\":\"center\",\"style\":{\"spacing\":{\"margin\":{\"top\":\"var:preset|spacing|40\",\"right\":\"var:preset|spacing|40\",\"bottom\":\"var:preset|spacing|40\",\"left\":\"var:preset|spacing|40\"},\"padding\":{\"top\":\"var:preset|spacing|20\",\"right\":\"var:preset|spacing|20\",\"bottom\":\"var:preset|spacing|20\",\"left\":\"var:preset|spacing|20\"}}},\"fontSize\":\"x-large\"} -->\n<h2 class=\"has-text-align-center has-x-large-font-size\" style=\"margin-top:var(--wp--preset--spacing--40);margin-right:var(--wp--preset--spacing--40);margin-bottom:var(--wp--preset--spacing--40);margin-left:var(--wp--preset--spacing--40);padding-top:var(--wp--preset--spacing--20);padding-right:var(--wp--preset--spacing--20);padding-bottom:var(--wp--preset--spacing--20);padding-left:var(--wp--preset--spacing--20)\">Indica qu\u00e9 haces<\/h2>\n<!-- \/wp:heading -->\n\n<!-- wp:columns {\"align\":\"wide\",\"style\":{\"color\":{\"text\":\"#000000\",\"background\":\"#ffffff\"}},\"twStack\":\"md\"} -->\n<div class=\"wp-block-columns alignwide has-text-color has-background tw-cols-stack-md\" style=\"color:#000000;background-color:#ffffff\"><!-- wp:column -->\n<div class=\"wp-block-column\"><!-- wp:image {\"id\":11325,\"sizeSlug\":\"large\",\"linkDestination\":\"none\"} -->\n<figure class=\"wp-block-image size-large\"><img src=\"https:\/\/www.assap.ad\/wp-content\/plugins\/wp-optimizado\/admin\/assets\/image\/landscape-1024x666.jpg\" alt=\"\" class=\"wp-image-11325\"\/><\/figure>\n<!-- \/wp:image -->\n\n<!-- wp:heading {\"level\":3,\"style\":{\"typography\":{\"fontSize\":\"22px\",\"lineHeight\":\"1.3\",\"fontStyle\":\"normal\",\"fontWeight\":\"400\"}}} -->\n<h3 style=\"font-size:22px;font-style:normal;font-weight:400;line-height:1.3\"><strong>Primer bloque<\/strong><\/h3>\n<!-- \/wp:heading -->\n\n<!-- wp:paragraph -->\n<p>Puedes explicar de forma breve los productos que ofreces a tus clientes y sus modalidades.<\/p>\n<!-- \/wp:paragraph --><\/div>\n<!-- \/wp:column -->\n\n<!-- wp:column -->\n<div class=\"wp-block-column\"><!-- wp:image {\"id\":11325,\"sizeSlug\":\"large\",\"linkDestination\":\"none\"} -->\n<figure class=\"wp-block-image size-large\"><img src=\"https:\/\/www.assap.ad\/wp-content\/plugins\/wp-optimizado\/admin\/assets\/image\/landscape-1024x666.jpg\" alt=\"\" class=\"wp-image-11325\"\/><\/figure>\n<!-- \/wp:image -->\n\n<!-- wp:heading {\"level\":3,\"style\":{\"typography\":{\"fontSize\":\"22px\",\"lineHeight\":\"1.3\",\"fontStyle\":\"normal\",\"fontWeight\":\"400\"}}} -->\n<h3 style=\"font-size:22px;font-style:normal;font-weight:400;line-height:1.3\"><strong>Segundo bloque<\/strong><\/h3>\n<!-- \/wp:heading -->\n\n<!-- wp:paragraph -->\n<p>Aprovecha para contar otros servicios en los que eres un especialista. Utiliza frases cortas.<\/p>\n<!-- \/wp:paragraph --><\/div>\n<!-- \/wp:column -->\n\n<!-- wp:column -->\n<div class=\"wp-block-column\"><!-- wp:image {\"id\":11325,\"sizeSlug\":\"large\",\"linkDestination\":\"none\"} -->\n<figure class=\"wp-block-image size-large\"><img src=\"https:\/\/www.assap.ad\/wp-content\/plugins\/wp-optimizado\/admin\/assets\/image\/landscape-1024x666.jpg\" alt=\"\" class=\"wp-image-11325\"\/><\/figure>\n<!-- \/wp:image -->\n\n<!-- wp:heading {\"level\":3,\"style\":{\"typography\":{\"fontSize\":\"22px\",\"lineHeight\":\"1.3\",\"fontStyle\":\"normal\",\"fontWeight\":\"400\"}}} -->\n<h3 style=\"font-size:22px;font-style:normal;font-weight:400;line-height:1.3\"><strong>Tercer bloque<\/strong><\/h3>\n<!-- \/wp:heading -->\n\n<!-- wp:paragraph -->\n<p>Si ofreces un servicio diferencial, tienes que contarlo en esta primera p\u00e1gina para impactar.<\/p>\n<!-- \/wp:paragraph --><\/div>\n<!-- \/wp:column --><\/div>\n<!-- \/wp:columns -->\n\n<!-- wp:paragraph -->\n<p><\/p>\n<!-- \/wp:paragraph -->","_et_gb_content_width":"","inline_featured_image":false,"footnotes":""},"categoria-seguro":[],"class_list":["post-1774","page","type-page","status-publish","hentry"],"acf":[],"_links":{"self":[{"href":"https:\/\/www.assap.ad\/es\/wp-json\/wp\/v2\/pages\/1774","targetHints":{"allow":["GET"]}}],"collection":[{"href":"https:\/\/www.assap.ad\/es\/wp-json\/wp\/v2\/pages"}],"about":[{"href":"https:\/\/www.assap.ad\/es\/wp-json\/wp\/v2\/types\/page"}],"author":[{"embeddable":true,"href":"https:\/\/www.assap.ad\/es\/wp-json\/wp\/v2\/users\/1"}],"replies":[{"embeddable":true,"href":"https:\/\/www.assap.ad\/es\/wp-json\/wp\/v2\/comments?post=1774"}],"version-history":[{"count":7,"href":"https:\/\/www.assap.ad\/es\/wp-json\/wp\/v2\/pages\/1774\/revisions"}],"predecessor-version":[{"id":3591,"href":"https:\/\/www.assap.ad\/es\/wp-json\/wp\/v2\/pages\/1774\/revisions\/3591"}],"wp:attachment":[{"href":"https:\/\/www.assap.ad\/es\/wp-json\/wp\/v2\/media?parent=1774"}],"wp:term":[{"taxonomy":"categoria-seguro","embeddable":true,"href":"https:\/\/www.assap.ad\/es\/wp-json\/wp\/v2\/categoria-seguro?post=1774"}],"curies":[{"name":"wp","href":"https:\/\/api.w.org\/{rel}","templated":true}]}}