{"id":4303,"date":"2024-08-07T18:01:21","date_gmt":"2024-08-07T16:01:21","guid":{"rendered":"https:\/\/www.assap.ad\/?page_id=4303"},"modified":"2024-10-23T16:03:41","modified_gmt":"2024-10-23T14:03:41","slug":"otros","status":"publish","type":"page","link":"https:\/\/www.assap.ad\/es\/particulares\/otros\/","title":{"rendered":"Otros"},"content":{"rendered":"<p>[et_pb_section fb_built=\u00bb1&#8243; admin_label=\u00bbSeguros a tu medida\u00bb _builder_version=\u00bb4.27.0&#8243; _module_preset=\u00bbdefault\u00bb background_color=\u00bb#F3F8FC\u00bb custom_padding=\u00bb0px||0px||true|\u00bb locked=\u00bboff\u00bb global_colors_info=\u00bb{}\u00bb][et_pb_row column_structure=\u00bb1_2,1_2&#8243; use_custom_gutter=\u00bbon\u00bb gutter_width=\u00bb1&#8243; make_equal=\u00bbon\u00bb _builder_version=\u00bb4.27.0&#8243; _module_preset=\u00bbdefault\u00bb background_enable_color=\u00bboff\u00bb width=\u00bb100%\u00bb width_tablet=\u00bb100%\u00bb width_phone=\u00bb100%\u00bb width_last_edited=\u00bboff|phone\u00bb max_width=\u00bb1301px\u00bb custom_padding=\u00bb0px||0px||true|false\u00bb global_colors_info=\u00bb{}\u00bb custom_css_main_element__hover_enabled=\u00bboff|desktop\u00bb custom_css_main_element_last_edited=\u00bbon|tablet\u00bb custom_css_main_element_tablet=\u00bbdisplay: flex;||flex-direction: column-reverse;\u00bb custom_css_main_element_phone=\u00bbdisplay: flex;||flex-direction: column-reverse;\u00bb][et_pb_column type=\u00bb1_2&#8243; _builder_version=\u00bb4.27.0&#8243; _module_preset=\u00bbdefault\u00bb custom_padding=\u00bb40px|5.5%|5.5%|5.5%|false|true\u00bb custom_padding_tablet=\u00bb30px|8%|9%|8%|false|true\u00bb custom_padding_phone=\u00bb30px|10%|15%|10%|false|true\u00bb custom_padding_last_edited=\u00bbon|phone\u00bb custom_css_main_element=\u00bbdisplay: flex;||flex-direction: column;||justify-content: space-between;||\u00bb global_colors_info=\u00bb{}\u00bb custom_css_main_element_last_edited=\u00bboff|desktop\u00bb custom_css_main_element_tablet=\u00bbdisplay: flex;||flex-direction: column;||justify-content: space-between;||\u00bb][et_pb_code module_class=\u00bbbreadcrumb\u00bb _builder_version=\u00bb4.27.0&#8243; _module_preset=\u00bbdefault\u00bb custom_margin=\u00bb||30px||false|false\u00bb locked=\u00bboff\u00bb global_colors_info=\u00bb{}\u00bb]<nav aria-label=\"breadcrumbs\" class=\"rank-math-breadcrumb\"><p><a href=\"https:\/\/www.assap.ad\/es\/\">Inicio<\/a><span class=\"separator\"> &gt; <\/span><a href=\"https:\/\/www.assap.ad\/es\/particulares\/\">Particulares<\/a><span class=\"separator\"> &gt; <\/span><span class=\"last\">Inicio<\/span><\/p><\/nav>[\/et_pb_code][et_pb_text _builder_version=\u00bb4.27.0&#8243; _module_preset=\u00bbdefault\u00bb header_2_text_color=\u00bb#FFFFFF\u00bb animation_style=\u00bbslide\u00bb animation_direction=\u00bbtop\u00bb global_colors_info=\u00bb{}\u00bb]<\/p>\n<h1>Otros<\/h1>\n<p>[\/et_pb_text][et_pb_text _builder_version=\u00bb4.27.2&#8243; _module_preset=\u00bbdefault\u00bb custom_margin=\u00bb35px||40px||false|false\u00bb custom_margin_tablet=\u00bb30px||35px||false|false\u00bb custom_margin_phone=\u00bb20px||25px||false|false\u00bb custom_margin_last_edited=\u00bbon|desktop\u00bb hover_enabled=\u00bb0&#8243; text_line_height_last_edited=\u00bboff|phone\u00bb locked=\u00bboff\u00bb global_colors_info=\u00bb{}\u00bb sticky_enabled=\u00bb0&#8243;]<\/p>\n<p class=\"p1\">Cada afici\u00f3n y cada etapa de la vida tiene sus propias necesidades de protecci\u00f3n y ahorro. Por eso, ofrecemos una gama de seguros dise\u00f1ados para cubrir desde actividades deportivas hasta tus planes de futuro. Si eres un apasionado de la caza deportiva, nuestro seguro de responsabilidad civil para cazadores te protege contra posibles da\u00f1os personales o materiales a terceros mientras cazas.<\/p>\n<p class=\"p1\">Tambi\u00e9n sabemos lo crucial que es ahorrar para el futuro. Ya sea para imprevistos, la educaci\u00f3n universitaria de tus hijos, ese gran viaje so\u00f1ado o para renovar el veh\u00edculo familiar, tenemos soluciones que te ayudar\u00e1n a alcanzar tus metas. Explora nuestras opciones y encuentra el seguro que se adapte a tus necesidades.<\/p>\n<p>[\/et_pb_text][et_pb_button button_url=\u00bb@ET-DC@eyJkeW5hbWljIjp0cnVlLCJjb250ZW50IjoicG9zdF9saW5rX3VybF9wYWdlIiwic2V0dGluZ3MiOnsicG9zdF9pZCI6IjE3OTAifX0=@\u00bb button_text=\u00bb\u00a1Quiero m\u00e1s informaci\u00f3n!\u00bb _builder_version=\u00bb4.27.0&#8243; _dynamic_attributes=\u00bbbutton_url\u00bb _module_preset=\u00bbdefault\u00bb custom_margin=\u00bb||||false|false\u00bb custom_css_free_form=\u00bbselector.et_pb_button:hover {background-color: #00538e!important;}\u00bb locked=\u00bboff\u00bb global_colors_info=\u00bb{}\u00bb button_text_color__hover_enabled=\u00bbon|hover\u00bb button_text_color__hover=\u00bb#FFFFFF\u00bb button_bg_color__hover_enabled=\u00bbon|hover\u00bb button_bg_color__hover=\u00bb#00538e\u00bb button_bg_enable_color__hover=\u00bbon\u00bb custom_css_main_element__hover_enabled=\u00bboff|hover\u00bb][\/et_pb_button][\/et_pb_column][et_pb_column type=\u00bb1_2&#8243; _builder_version=\u00bb4.27.0&#8243; _dynamic_attributes=\u00bbbackground_image\u00bb _module_preset=\u00bbdefault\u00bb background_image=\u00bb@ET-DC@eyJkeW5hbWljIjp0cnVlLCJjb250ZW50IjoicG9zdF9mZWF0dXJlZF9pbWFnZSIsInNldHRpbmdzIjp7fX0=@\u00bb global_colors_info=\u00bb{}\u00bb custom_css_main_element_last_edited=\u00bbon|phone\u00bb custom_css_main_element_tablet=\u00bbmin-height: 400px!important;||display: block!important;\u00bb custom_css_main_element_phone=\u00bbmin-height: 396px!important;||display: block!important;\u00bb][\/et_pb_column][\/et_pb_row][\/et_pb_section][et_pb_section fb_built=\u00bb1&#8243; admin_label=\u00bbEscoge entre nuestra oferta de productos\u00bb _builder_version=\u00bb4.27.0&#8243; _module_preset=\u00bbdefault\u00bb custom_padding=\u00bb||||false|false\u00bb global_colors_info=\u00bb{}\u00bb][et_pb_row _builder_version=\u00bb4.25.2&#8243; _module_preset=\u00bbdefault\u00bb global_colors_info=\u00bb{}\u00bb][et_pb_column type=\u00bb4_4&#8243; _builder_version=\u00bb4.25.2&#8243; _module_preset=\u00bbdefault\u00bb global_colors_info=\u00bb{}\u00bb][et_pb_text _builder_version=\u00bb4.25.2&#8243; _module_preset=\u00bbdefault\u00bb header_2_text_align=\u00bbcenter\u00bb max_width=\u00bb430px\u00bb module_alignment=\u00bbcenter\u00bb global_colors_info=\u00bb{}\u00bb]<\/p>\n<h2>Escoge entre nuestra oferta de productos:<\/h2>\n<p>[\/et_pb_text][\/et_pb_column][\/et_pb_row][et_pb_row custom_padding_last_edited=\u00bboff|phone\u00bb _builder_version=\u00bb4.27.0&#8243; _module_preset=\u00bbdefault\u00bb width=\u00bb100%\u00bb width_tablet=\u00bb100%\u00bb width_phone=\u00bb100%\u00bb max_width=\u00bb100%\u00bb global_colors_info=\u00bb{}\u00bb][et_pb_column type=\u00bb4_4&#8243; _builder_version=\u00bb4.25.2&#8243; _module_preset=\u00bbdefault\u00bb global_colors_info=\u00bb{}\u00bb][dica_divi_carousel item_width_auto=\u00bbon\u00bb item_width=\u00bb271px\u00bb item_width_tablet=\u00bb260px\u00bb item_width_phone=\u00bb250px\u00bb item_width_last_edited=\u00bbon|phone\u00bb transition_duration=\u00bb8000&#8243; loop=\u00bbon\u00bb autoplay=\u00bbon\u00bb hoverpause=\u00bbon\u00bb autoplay_speed=\u00bb3000&#8243; item_spacing=\u00bb25&#8243; item_spacing_tablet=\u00bb20&#8243; item_spacing_phone=\u00bb17&#8243; item_spacing_last_edited=\u00bbon|desktop\u00bb equal_height=\u00bbon\u00bb advanced_effect=\u00bb1&#8243; arrow_nav_color=\u00bb#1E608E\u00bb dots_active_color=\u00bb#1E608E\u00bb image_sizing=\u00bb89px\u00bb item_padding=\u00bb3em|2.5em|3em|2.5em|true|true\u00bb image_container_margin=\u00bb||1em||false|false\u00bb title_margin=\u00bb||0.5em||false|false\u00bb title_padding=\u00bb|0.5em||0.5em|false|true\u00bb text_margin=\u00bb||0.5em||false|false\u00bb content_container_margin=\u00bb1em||1em||true|false\u00bb module_class=\u00bbcarrusel-interno\u00bb _builder_version=\u00bb4.27.0&#8243; _module_preset=\u00bbdefault\u00bb title_font=\u00bb|700|||||||\u00bb title_text_align=\u00bbcenter\u00bb title_font_size=\u00bb21px\u00bb title_line_height=\u00bb1.2em\u00bb body_text_align=\u00bbcenter\u00bb body_font_size=\u00bb20px\u00bb body_line_height=\u00bb1.2em\u00bb background_enable_color=\u00bboff\u00bb max_width=\u00bb888px\u00bb module_alignment=\u00bbcenter\u00bb custom_padding=\u00bb||||false|false\u00bb title_font_size_tablet=\u00bb18px\u00bb title_font_size_phone=\u00bb16px\u00bb title_font_size_last_edited=\u00bbon|desktop\u00bb body_font_size_tablet=\u00bb17px\u00bb body_font_size_phone=\u00bb15px\u00bb body_font_size_last_edited=\u00bbon|tablet\u00bb border_radii_item=\u00bbon|20px|20px|20px|20px\u00bb global_colors_info=\u00bb{}\u00bb][dica_divi_carouselitem title=\u00bbProductos de inversi\u00f3n\u00bb button_text=\u00bbSaber m\u00e1s\u00bb button_url=\u00bb#\u00bb button_url_new_window=\u00bb1&#8243; image=\u00bbhttps:\/\/www.assap.ad\/wp-content\/uploads\/2024\/08\/icono-Productos-de-inversion.svg\u00bb _builder_version=\u00bb4.27.0&#8243; _dynamic_attributes=\u00bblink_option_url\u00bb _module_preset=\u00bbdefault\u00bb background_color=\u00bb#F3F8FC\u00bb background_enable_color=\u00bbon\u00bb custom_button=\u00bbon\u00bb button_text_size=\u00bb20px\u00bb button_text_color=\u00bb#1E608E\u00bb button_bg_color=\u00bbRGBA(255,255,255,0)\u00bb button_alignment=\u00bbcenter\u00bb link_option_url=\u00bb@ET-DC@eyJkeW5hbWljIjp0cnVlLCJjb250ZW50IjoicG9zdF9saW5rX3VybF9wYWdlIiwic2V0dGluZ3MiOnsicG9zdF9pZCI6IjUxODAifX0=@\u00bb button_text_size_tablet=\u00bb18px\u00bb button_text_size_phone=\u00bb15px\u00bb button_text_size_last_edited=\u00bbon|phone\u00bb custom_css_free_form=\u00bbselector:hover img {||  content: url(%22https:\/\/www.assap.ad\/wp-content\/uploads\/2024\/08\/icono-Productos-de-inversion-hover.svg%22);||}\u00bb border_radii_item=\u00bbon|20px|20px|20px|20px\u00bb global_colors_info=\u00bb{}\u00bb button_bg_color__hover_enabled=\u00bbon|hover\u00bb button_bg_enable_color__hover=\u00bbon\u00bb button_text_color__hover_enabled=\u00bboff|hover\u00bb button_bg_color__hover=\u00bbRGBA(255,255,255,0)\u00bb]<\/p>\n<p>Dep\u00f3sito garantizado a 1 a\u00f1o<\/p>\n<p>[\/dica_divi_carouselitem][dica_divi_carouselitem title=\u00bbProductos de ahorro\u00bb button_text=\u00bbSaber m\u00e1s\u00bb button_url=\u00bb#\u00bb button_url_new_window=\u00bb1&#8243; image=\u00bbhttps:\/\/www.assap.ad\/wp-content\/uploads\/2024\/08\/icono-Productos-de-ahorro.svg\u00bb _builder_version=\u00bb4.27.0&#8243; _dynamic_attributes=\u00bblink_option_url\u00bb _module_preset=\u00bbdefault\u00bb background_color=\u00bb#F3F8FC\u00bb background_enable_color=\u00bbon\u00bb custom_button=\u00bbon\u00bb button_text_size=\u00bb20px\u00bb button_text_color=\u00bb#1E608E\u00bb button_bg_color=\u00bbRGBA(255,255,255,0)\u00bb button_alignment=\u00bbcenter\u00bb link_option_url=\u00bb@ET-DC@eyJkeW5hbWljIjp0cnVlLCJjb250ZW50IjoicG9zdF9saW5rX3VybF9wYWdlIiwic2V0dGluZ3MiOnsicG9zdF9pZCI6IjUxOTAifX0=@\u00bb button_text_size_tablet=\u00bb18px\u00bb button_text_size_phone=\u00bb15px\u00bb button_text_size_last_edited=\u00bbon|phone\u00bb custom_css_free_form=\u00bbselector:hover img {||  content: url(%22https:\/\/www.assap.ad\/wp-content\/uploads\/2024\/08\/icono-Productos-de-ahorro-hover.svg%22);||}\u00bb border_radii_item=\u00bbon|20px|20px|20px|20px\u00bb global_colors_info=\u00bb{}\u00bb button_bg_color__hover_enabled=\u00bbon|hover\u00bb button_bg_enable_color__hover=\u00bbon\u00bb button_text_color__hover_enabled=\u00bboff|hover\u00bb button_bg_color__hover=\u00bbRGBA(255,255,255,0)\u00bb]<\/p>\n<p>Haz crecer tus ahorros<\/p>\n<p>[\/dica_divi_carouselitem][dica_divi_carouselitem title=\u00bbResponsabilidad civil cazadores\u00bb button_text=\u00bbSaber m\u00e1s\u00bb button_url=\u00bb#\u00bb button_url_new_window=\u00bb1&#8243; image=\u00bbhttps:\/\/www.assap.ad\/wp-content\/uploads\/2024\/08\/icono-Responsabilidad-civil-cazadores.svg\u00bb _builder_version=\u00bb4.27.0&#8243; _dynamic_attributes=\u00bblink_option_url\u00bb _module_preset=\u00bbdefault\u00bb background_color=\u00bb#F3F8FC\u00bb background_enable_color=\u00bbon\u00bb custom_button=\u00bbon\u00bb button_text_size=\u00bb20px\u00bb button_text_color=\u00bb#1E608E\u00bb button_bg_color=\u00bbRGBA(255,255,255,0)\u00bb button_alignment=\u00bbcenter\u00bb link_option_url=\u00bb@ET-DC@eyJkeW5hbWljIjp0cnVlLCJjb250ZW50IjoicG9zdF9saW5rX3VybF9wYWdlIiwic2V0dGluZ3MiOnsicG9zdF9pZCI6IjUyMDIifX0=@\u00bb button_text_size_tablet=\u00bb18px\u00bb button_text_size_phone=\u00bb15px\u00bb button_text_size_last_edited=\u00bbon|phone\u00bb custom_css_free_form=\u00bbselector:hover img {||  content: url(%22https:\/\/www.assap.ad\/wp-content\/uploads\/2024\/08\/icono-Responsabilidad-civil-cazadores-hover.svg%22);||}\u00bb border_radii_item=\u00bbon|20px|20px|20px|20px\u00bb global_colors_info=\u00bb{}\u00bb button_bg_color__hover_enabled=\u00bbon|hover\u00bb button_bg_enable_color__hover=\u00bbon\u00bb button_text_color__hover_enabled=\u00bboff|hover\u00bb button_bg_color__hover=\u00bbRGBA(255,255,255,0)\u00bb]<\/p>\n<p>El mejor seguro para cazadores<\/p>\n<p>[\/dica_divi_carouselitem][\/dica_divi_carousel][\/et_pb_column][\/et_pb_row][\/et_pb_section]<\/p>\n","protected":false},"excerpt":{"rendered":"<p><nav aria-label=\"breadcrumbs\" class=\"rank-math-breadcrumb\"><p><a href=\"https:\/\/www.assap.ad\/es\/\">Inicio<\/a><span class=\"separator\"> &gt; <\/span><a href=\"https:\/\/www.assap.ad\/es\/particulares\/\">Particulares<\/a><span class=\"separator\"> &gt; <\/span><span class=\"last\">Inicio<\/span><\/p><\/nav>OtrosCada afici\u00f3n y cada etapa de la vida tiene sus propias necesidades de protecci\u00f3n y ahorro. Por eso, ofrecemos una gama de seguros dise\u00f1ados para cubrir desde actividades deportivas hasta tus planes de futuro. Si eres un apasionado de la caza deportiva, nuestro seguro de responsabilidad civil para cazadores te protege contra posibles da\u00f1os personales [&hellip;]<\/p>\n","protected":false},"author":1,"featured_media":4155,"parent":4081,"menu_order":7,"comment_status":"closed","ping_status":"closed","template":"","meta":{"_acf_changed":false,"_et_pb_use_builder":"on","_et_pb_old_content":"<!-- wp:cover {\"url\":\"https:\/\/www.assap.ad\/wp-content\/uploads\/2022\/03\/wide-neutra.jpg\",\"id\":15,\"dimRatio\":60,\"overlayColor\":\"primary\",\"minHeight\":500,\"align\":\"full\"} -->\n<div class=\"wp-block-cover alignfull\" style=\"min-height:500px\"><span aria-hidden=\"true\" class=\"wp-block-cover__background has-primary-background-color has-background-dim-60 has-background-dim\"><\/span><img class=\"wp-block-cover__image-background wp-image-15\" alt=\"\" src=\"https:\/\/www.assap.ad\/wp-content\/uploads\/2022\/03\/wide-neutra.jpg\" data-object-fit=\"cover\"\/><div class=\"wp-block-cover__inner-container\"><!-- wp:heading {\"textAlign\":\"center\",\"level\":1,\"align\":\"wide\",\"textColor\":\"background\",\"fontSize\":\"xx-large\"} -->\n<h1 class=\"alignwide has-text-align-center has-background-color has-text-color has-xx-large-font-size\">Escribe un t\u00edtulo para impresionar a tus visitantes<\/h1>\n<!-- \/wp:heading -->\n\n<!-- wp:buttons {\"layout\":{\"type\":\"flex\",\"justifyContent\":\"center\"}} -->\n<div class=\"wp-block-buttons\"><!-- wp:button {\"backgroundColor\":\"background\",\"textColor\":\"foreground\"} -->\n<div class=\"wp-block-button\"><a class=\"wp-block-button__link has-foreground-color has-background-background-color has-text-color has-background wp-element-button\">Saber m\u00e1s<\/a><\/div>\n<!-- \/wp:button --><\/div>\n<!-- \/wp:buttons --><\/div><\/div>\n<!-- \/wp:cover -->\n\n<!-- wp:paragraph {\"style\":{\"spacing\":{\"margin\":{\"top\":\"var:preset|spacing|60\",\"right\":\"var:preset|spacing|60\",\"bottom\":\"var:preset|spacing|60\",\"left\":\"var:preset|spacing|60\"},\"padding\":{\"top\":\"var:preset|spacing|30\",\"right\":\"var:preset|spacing|30\",\"bottom\":\"var:preset|spacing|30\",\"left\":\"var:preset|spacing|30\"}}}} -->\n<p style=\"margin-top:var(--wp--preset--spacing--60);margin-right:var(--wp--preset--spacing--60);margin-bottom:var(--wp--preset--spacing--60);margin-left:var(--wp--preset--spacing--60);padding-top:var(--wp--preset--spacing--30);padding-right:var(--wp--preset--spacing--30);padding-bottom:var(--wp--preset--spacing--30);padding-left:var(--wp--preset--spacing--30)\">En estas primeras l\u00edneas puedes contar qu\u00e9 es lo que te hace diferente ante los dem\u00e1s, esa frase o concepto por el que quieres que te recuerden.<\/p>\n<!-- \/wp:paragraph -->\n\n<!-- wp:spacer {\"height\":\"20px\"} -->\n<div style=\"height:20px\" aria-hidden=\"true\" class=\"wp-block-spacer\"><\/div>\n<!-- \/wp:spacer -->\n\n<!-- wp:spacer {\"height\":\"20px\"} -->\n<div style=\"height:20px\" aria-hidden=\"true\" class=\"wp-block-spacer\"><\/div>\n<!-- \/wp:spacer -->\n\n<!-- wp:heading {\"textAlign\":\"center\",\"style\":{\"spacing\":{\"margin\":{\"top\":\"var:preset|spacing|40\",\"right\":\"var:preset|spacing|40\",\"bottom\":\"var:preset|spacing|40\",\"left\":\"var:preset|spacing|40\"},\"padding\":{\"top\":\"var:preset|spacing|20\",\"right\":\"var:preset|spacing|20\",\"bottom\":\"var:preset|spacing|20\",\"left\":\"var:preset|spacing|20\"}}},\"fontSize\":\"x-large\"} -->\n<h2 class=\"has-text-align-center has-x-large-font-size\" style=\"margin-top:var(--wp--preset--spacing--40);margin-right:var(--wp--preset--spacing--40);margin-bottom:var(--wp--preset--spacing--40);margin-left:var(--wp--preset--spacing--40);padding-top:var(--wp--preset--spacing--20);padding-right:var(--wp--preset--spacing--20);padding-bottom:var(--wp--preset--spacing--20);padding-left:var(--wp--preset--spacing--20)\">Indica qu\u00e9 haces<\/h2>\n<!-- \/wp:heading -->\n\n<!-- wp:columns {\"align\":\"wide\",\"style\":{\"color\":{\"text\":\"#000000\",\"background\":\"#ffffff\"}},\"twStack\":\"md\"} -->\n<div class=\"wp-block-columns alignwide has-text-color has-background tw-cols-stack-md\" style=\"color:#000000;background-color:#ffffff\"><!-- wp:column -->\n<div class=\"wp-block-column\"><!-- wp:image {\"id\":11325,\"sizeSlug\":\"large\",\"linkDestination\":\"none\"} -->\n<figure class=\"wp-block-image size-large\"><img src=\"https:\/\/www.assap.ad\/wp-content\/plugins\/wp-optimizado\/admin\/assets\/image\/landscape-1024x666.jpg\" alt=\"\" class=\"wp-image-11325\"\/><\/figure>\n<!-- \/wp:image -->\n\n<!-- wp:heading {\"level\":3,\"style\":{\"typography\":{\"fontSize\":\"22px\",\"lineHeight\":\"1.3\",\"fontStyle\":\"normal\",\"fontWeight\":\"400\"}}} -->\n<h3 style=\"font-size:22px;font-style:normal;font-weight:400;line-height:1.3\"><strong>Primer bloque<\/strong><\/h3>\n<!-- \/wp:heading -->\n\n<!-- wp:paragraph -->\n<p>Puedes explicar de forma breve los productos que ofreces a tus clientes y sus modalidades.<\/p>\n<!-- \/wp:paragraph --><\/div>\n<!-- \/wp:column -->\n\n<!-- wp:column -->\n<div class=\"wp-block-column\"><!-- wp:image {\"id\":11325,\"sizeSlug\":\"large\",\"linkDestination\":\"none\"} -->\n<figure class=\"wp-block-image size-large\"><img src=\"https:\/\/www.assap.ad\/wp-content\/plugins\/wp-optimizado\/admin\/assets\/image\/landscape-1024x666.jpg\" alt=\"\" class=\"wp-image-11325\"\/><\/figure>\n<!-- \/wp:image -->\n\n<!-- wp:heading {\"level\":3,\"style\":{\"typography\":{\"fontSize\":\"22px\",\"lineHeight\":\"1.3\",\"fontStyle\":\"normal\",\"fontWeight\":\"400\"}}} -->\n<h3 style=\"font-size:22px;font-style:normal;font-weight:400;line-height:1.3\"><strong>Segundo bloque<\/strong><\/h3>\n<!-- \/wp:heading -->\n\n<!-- wp:paragraph -->\n<p>Aprovecha para contar otros servicios en los que eres un especialista. Utiliza frases cortas.<\/p>\n<!-- \/wp:paragraph --><\/div>\n<!-- \/wp:column -->\n\n<!-- wp:column -->\n<div class=\"wp-block-column\"><!-- wp:image {\"id\":11325,\"sizeSlug\":\"large\",\"linkDestination\":\"none\"} -->\n<figure class=\"wp-block-image size-large\"><img src=\"https:\/\/www.assap.ad\/wp-content\/plugins\/wp-optimizado\/admin\/assets\/image\/landscape-1024x666.jpg\" alt=\"\" class=\"wp-image-11325\"\/><\/figure>\n<!-- \/wp:image -->\n\n<!-- wp:heading {\"level\":3,\"style\":{\"typography\":{\"fontSize\":\"22px\",\"lineHeight\":\"1.3\",\"fontStyle\":\"normal\",\"fontWeight\":\"400\"}}} -->\n<h3 style=\"font-size:22px;font-style:normal;font-weight:400;line-height:1.3\"><strong>Tercer bloque<\/strong><\/h3>\n<!-- \/wp:heading -->\n\n<!-- wp:paragraph -->\n<p>Si ofreces un servicio diferencial, tienes que contarlo en esta primera p\u00e1gina para impactar.<\/p>\n<!-- \/wp:paragraph --><\/div>\n<!-- \/wp:column --><\/div>\n<!-- \/wp:columns -->\n\n<!-- wp:paragraph -->\n<p><\/p>\n<!-- \/wp:paragraph -->","_et_gb_content_width":"","inline_featured_image":false,"footnotes":""},"categoria-seguro":[],"class_list":["post-4303","page","type-page","status-publish","has-post-thumbnail","hentry"],"acf":[],"_links":{"self":[{"href":"https:\/\/www.assap.ad\/es\/wp-json\/wp\/v2\/pages\/4303","targetHints":{"allow":["GET"]}}],"collection":[{"href":"https:\/\/www.assap.ad\/es\/wp-json\/wp\/v2\/pages"}],"about":[{"href":"https:\/\/www.assap.ad\/es\/wp-json\/wp\/v2\/types\/page"}],"author":[{"embeddable":true,"href":"https:\/\/www.assap.ad\/es\/wp-json\/wp\/v2\/users\/1"}],"replies":[{"embeddable":true,"href":"https:\/\/www.assap.ad\/es\/wp-json\/wp\/v2\/comments?post=4303"}],"version-history":[{"count":6,"href":"https:\/\/www.assap.ad\/es\/wp-json\/wp\/v2\/pages\/4303\/revisions"}],"predecessor-version":[{"id":7104,"href":"https:\/\/www.assap.ad\/es\/wp-json\/wp\/v2\/pages\/4303\/revisions\/7104"}],"up":[{"embeddable":true,"href":"https:\/\/www.assap.ad\/es\/wp-json\/wp\/v2\/pages\/4081"}],"wp:featuredmedia":[{"embeddable":true,"href":"https:\/\/www.assap.ad\/es\/wp-json\/wp\/v2\/media\/4155"}],"wp:attachment":[{"href":"https:\/\/www.assap.ad\/es\/wp-json\/wp\/v2\/media?parent=4303"}],"wp:term":[{"taxonomy":"categoria-seguro","embeddable":true,"href":"https:\/\/www.assap.ad\/es\/wp-json\/wp\/v2\/categoria-seguro?post=4303"}],"curies":[{"name":"wp","href":"https:\/\/api.w.org\/{rel}","templated":true}]}}