{"id":8959,"date":"2024-09-06T10:12:19","date_gmt":"2024-09-06T08:12:19","guid":{"rendered":"https:\/\/www.assap.ad\/voyage-en-famille\/"},"modified":"2024-10-24T20:38:47","modified_gmt":"2024-10-24T18:38:47","slug":"voyage-en-famille","status":"publish","type":"page","link":"https:\/\/www.assap.ad\/fr\/assurances-andorre\/voyage-famille\/","title":{"rendered":"Voyage en famille"},"content":{"rendered":"<p>[et_pb_section fb_built=\u00a0\u00bb1&Prime; admin_label=\u00a0\u00bbTodo riesgo construcci\u00f3n\u00a0\u00bb _builder_version=\u00a0\u00bb4.27.0&Prime; _module_preset=\u00a0\u00bbdefault\u00a0\u00bb background_color=\u00a0\u00bb#F3F8FC\u00a0\u00bb custom_padding=\u00a0\u00bb0px||0px||true|\u00a0\u00bb locked=\u00a0\u00bboff\u00a0\u00bb global_colors_info=\u00a0\u00bb{}\u00a0\u00bb][et_pb_row column_structure=\u00a0\u00bb1_2,1_2&Prime; use_custom_gutter=\u00a0\u00bbon\u00a0\u00bb gutter_width=\u00a0\u00bb1&Prime; make_equal=\u00a0\u00bbon\u00a0\u00bb _builder_version=\u00a0\u00bb4.27.0&Prime; _module_preset=\u00a0\u00bbdefault\u00a0\u00bb background_enable_color=\u00a0\u00bboff\u00a0\u00bb width=\u00a0\u00bb100%\u00a0\u00bb width_tablet=\u00a0\u00bb100%\u00a0\u00bb width_phone=\u00a0\u00bb100%\u00a0\u00bb width_last_edited=\u00a0\u00bboff|phone\u00a0\u00bb max_width=\u00a0\u00bb1301px\u00a0\u00bb custom_padding=\u00a0\u00bb0px||0px||true|false\u00a0\u00bb global_colors_info=\u00a0\u00bb{}\u00a0\u00bb custom_css_main_element__hover_enabled=\u00a0\u00bboff|desktop\u00a0\u00bb custom_css_main_element_last_edited=\u00a0\u00bbon|tablet\u00a0\u00bb custom_css_main_element_tablet=\u00a0\u00bbdisplay: flex;||flex-direction: column-reverse;\u00a0\u00bb custom_css_main_element_phone=\u00a0\u00bbdisplay: flex;||flex-direction: column-reverse;\u00a0\u00bb][et_pb_column type=\u00a0\u00bb1_2&Prime; _builder_version=\u00a0\u00bb4.27.0&Prime; _module_preset=\u00a0\u00bbdefault\u00a0\u00bb custom_padding=\u00a0\u00bb40px|5.5%|5.5%|5.5%|false|true\u00a0\u00bb custom_padding_tablet=\u00a0\u00bb30px|8%|9%|8%|false|true\u00a0\u00bb custom_padding_phone=\u00a0\u00bb30px|10%|15%|10%|false|true\u00a0\u00bb custom_padding_last_edited=\u00a0\u00bbon|phone\u00a0\u00bb custom_css_main_element=\u00a0\u00bbdisplay: flex;||flex-direction: column;||justify-content: space-between;||\u00a0\u00bb global_colors_info=\u00a0\u00bb{}\u00a0\u00bb custom_css_main_element_last_edited=\u00a0\u00bboff|desktop\u00a0\u00bb custom_css_main_element_tablet=\u00a0\u00bbdisplay: flex;||flex-direction: column;||justify-content: space-between;||\u00a0\u00bb][et_pb_code admin_label=\u00a0\u00bbFil d&#039;Ariane\u00a0\u00bb module_class=\u00a0\u00bbbreadcrumb\u00a0\u00bb _builder_version=\u00a0\u00bb4.27.0&Prime; _module_preset=\u00a0\u00bbdefault\u00a0\u00bb custom_margin=\u00a0\u00bb||30px||false|false\u00a0\u00bb locked=\u00a0\u00bboff\u00a0\u00bb global_colors_info=\u00a0\u00bb{}\u00a0\u00bb]<nav aria-label=\"breadcrumbs\" class=\"rank-math-breadcrumb\"><p><a href=\"https:\/\/www.assap.ad\/fr\/\">Inicio<\/a><span class=\"separator\"> &gt; <\/span><a href=\"https:\/\/www.assap.ad\/fr\/\">Assurance Andorre<\/a><span class=\"separator\"> &gt; <\/span><span class=\"last\">Inicio<\/span><\/p><\/nav>[\/et_pb_code][et_pb_text admin_label=\u00a0\u00bbh1&Prime; _builder_version=\u00a0\u00bb4.27.0&Prime; _module_preset=\u00a0\u00bbdefault\u00a0\u00bb header_2_text_color=\u00a0\u00bb#FFFFFF\u00a0\u00bb animation_style=\u00a0\u00bbslide\u00a0\u00bb animation_direction=\u00a0\u00bbtop\u00a0\u00bb global_colors_info=\u00a0\u00bb{}\u00a0\u00bb]<\/p>\n<h1>La meilleure assurance voyage en famille<\/h1>\n<p>[\/et_pb_text][et_pb_text _builder_version=\u00a0\u00bb4.27.2&Prime; _module_preset=\u00a0\u00bbdefault\u00a0\u00bb custom_margin=\u00a0\u00bb35px||40px||false|false\u00a0\u00bb custom_margin_tablet=\u00a0\u00bb30px||35px||false|false\u00a0\u00bb custom_margin_phone=\u00a0\u00bb20px||25px||false|false\u00a0\u00bb custom_margin_last_edited=\u00a0\u00bbon|desktop\u00a0\u00bb text_line_height_last_edited=\u00a0\u00bboff|phone\u00a0\u00bb locked=\u00a0\u00bboff\u00a0\u00bb global_colors_info=\u00a0\u00bb{}\u00a0\u00bb]<\/p>\n<p class=\"p1\">Vous recherchez la tranquillit\u00e9 pour vos voyages en famille ? Chez ASSAP, nous comprenons que chaque famille est unique et que leurs besoins de mobilit\u00e9 en dehors du domicile varient \u00e9galement. C&rsquo;est pourquoi nous vous proposons une vari\u00e9t\u00e9 d&rsquo;options d&rsquo;assurance voyage familiale, adapt\u00e9es aux diverses dynamiques et exigences de chaque famille.    <\/p>\n<p class=\"p1\">Qu&rsquo;il s&rsquo;agisse d&rsquo;un week-end ou de longues vacances \u00e0 l&rsquo;\u00e9tranger, nous garantissons la tranquillit\u00e9 d&rsquo;esprit lors de chaque voyage avec vos proches. D\u00e9couvrez nos solutions et trouvez l&rsquo;assurance id\u00e9ale pour vous accompagner dans chaque aventure. <\/p>\n<p>[\/et_pb_text][et_pb_button button_url=\u00a0\u00bb@ET-DC@eyJkeW5hbWljIjp0cnVlLCJjb250ZW50IjoicG9zdF9saW5rX3VybF9wYWdlIiwic2V0dGluZ3MiOnsicG9zdF9pZCI6IjE3OTAiLCJlbmFibGVfaHRtbCI6Im9mZiJ9fQ==@\u00a0\u00bb button_text=\u00a0\u00bbJe veux plus d&#039;informations !\u00a0\u00bb _builder_version=\u00a0\u00bb4.27.2&Prime; _module_preset=\u00a0\u00bbdefault\u00a0\u00bb custom_margin=\u00a0\u00bb||||false|false\u00a0\u00bb hover_enabled=\u00a0\u00bb0&Prime; custom_css_free_form=\u00a0\u00bbselector.et_pb_button:hover {background-color: #00538e!important;}\u00a0\u00bb locked=\u00a0\u00bboff\u00a0\u00bb global_colors_info=\u00a0\u00bb{}\u00a0\u00bb button_text_color__hover_enabled=\u00a0\u00bbon|hover\u00a0\u00bb button_text_color__hover=\u00a0\u00bb#FFFFFF\u00a0\u00bb button_bg_color__hover_enabled=\u00a0\u00bbon|hover\u00a0\u00bb button_bg_color__hover=\u00a0\u00bb#00538e\u00a0\u00bb button_bg_enable_color__hover=\u00a0\u00bbon\u00a0\u00bb custom_css_main_element__hover_enabled=\u00a0\u00bboff|hover\u00a0\u00bb _dynamic_attributes=\u00a0\u00bbbutton_url\u00a0\u00bb sticky_enabled=\u00a0\u00bb0&Prime;][\/et_pb_button][\/et_pb_column][et_pb_column type=\u00a0\u00bb1_2&Prime; _builder_version=\u00a0\u00bb4.27.0&Prime; _dynamic_attributes=\u00a0\u00bbbackground_image\u00a0\u00bb _module_preset=\u00a0\u00bbdefault\u00a0\u00bb background_image=\u00a0\u00bb@ET-DC@eyJkeW5hbWljIjp0cnVlLCJjb250ZW50IjoicG9zdF9mZWF0dXJlZF9pbWFnZSIsInNldHRpbmdzIjp7ImVuYWJsZV9odG1sIjoib2ZmIn19@\u00a0\u00bb global_colors_info=\u00a0\u00bb{}\u00a0\u00bb custom_css_main_element_last_edited=\u00a0\u00bbon|phone\u00a0\u00bb custom_css_main_element_tablet=\u00a0\u00bbmin-height: 400px!important;||display: block!important;\u00a0\u00bb custom_css_main_element_phone=\u00a0\u00bbmin-height: 396px!important;||display: block!important;\u00a0\u00bb][\/et_pb_column][\/et_pb_row][\/et_pb_section][et_pb_section fb_built=\u00a0\u00bb1&Prime; admin_label=\u00a0\u00bb\u00bfTe podemos ayudar?\u00a0\u00bb _builder_version=\u00a0\u00bb4.27.0&Prime; _module_preset=\u00a0\u00bbdefault\u00a0\u00bb custom_padding=\u00a0\u00bb||||false|false\u00a0\u00bb locked=\u00a0\u00bboff\u00a0\u00bb global_colors_info=\u00a0\u00bb{}\u00a0\u00bb][et_pb_row _builder_version=\u00a0\u00bb4.25.2&Prime; _module_preset=\u00a0\u00bbdefault\u00a0\u00bb global_colors_info=\u00a0\u00bb{}\u00a0\u00bb][et_pb_column type=\u00a0\u00bb4_4&Prime; _builder_version=\u00a0\u00bb4.25.2&Prime; _module_preset=\u00a0\u00bbdefault\u00a0\u00bb global_colors_info=\u00a0\u00bb{}\u00a0\u00bb][et_pb_text admin_label=\u00a0\u00bbh2&Prime; _builder_version=\u00a0\u00bb4.25.2&Prime; _module_preset=\u00a0\u00bbdefault\u00a0\u00bb header_2_text_align=\u00a0\u00bbcenter\u00a0\u00bb max_width=\u00a0\u00bb430px\u00a0\u00bb module_alignment=\u00a0\u00bbcenter\u00a0\u00bb global_colors_info=\u00a0\u00bb{}\u00a0\u00bb]<\/p>\n<h2>Choisissez parmi notre offre de produits&nbsp;:<\/h2>\n<p>[\/et_pb_text][\/et_pb_column][\/et_pb_row][et_pb_row custom_padding_last_edited=\u00a0\u00bboff|phone\u00a0\u00bb _builder_version=\u00a0\u00bb4.27.0&Prime; _module_preset=\u00a0\u00bbdefault\u00a0\u00bb width=\u00a0\u00bb100%\u00a0\u00bb width_tablet=\u00a0\u00bb100%\u00a0\u00bb width_phone=\u00a0\u00bb100%\u00a0\u00bb max_width=\u00a0\u00bb100%\u00a0\u00bb global_colors_info=\u00a0\u00bb{}\u00a0\u00bb][et_pb_column type=\u00a0\u00bb4_4&Prime; _builder_version=\u00a0\u00bb4.25.2&Prime; _module_preset=\u00a0\u00bbdefault\u00a0\u00bb global_colors_info=\u00a0\u00bb{}\u00a0\u00bb][dica_divi_carousel item_width_auto=\u00a0\u00bbon\u00a0\u00bb item_width=\u00a0\u00bb271px\u00a0\u00bb item_width_tablet=\u00a0\u00bb260px\u00a0\u00bb item_width_phone=\u00a0\u00bb250px\u00a0\u00bb item_width_last_edited=\u00a0\u00bbon|phone\u00a0\u00bb transition_duration=\u00a0\u00bb8000&Prime; loop=\u00a0\u00bbon\u00a0\u00bb autoplay=\u00a0\u00bbon\u00a0\u00bb hoverpause=\u00a0\u00bbon\u00a0\u00bb autoplay_speed=\u00a0\u00bb3000&Prime; item_spacing=\u00a0\u00bb25&Prime; item_spacing_tablet=\u00a0\u00bb20&Prime; item_spacing_phone=\u00a0\u00bb17&Prime; item_spacing_last_edited=\u00a0\u00bbon|desktop\u00a0\u00bb equal_height=\u00a0\u00bbon\u00a0\u00bb advanced_effect=\u00a0\u00bb1&Prime; arrow_nav_color=\u00a0\u00bb#1E608E\u00a0\u00bb dots_active_color=\u00a0\u00bb#1E608E\u00a0\u00bb image_sizing=\u00a0\u00bb89px\u00a0\u00bb item_padding=\u00a0\u00bb3em|2.5em|3em|2.5em|true|true\u00a0\u00bb image_container_margin=\u00a0\u00bb||1em||false|false\u00a0\u00bb title_margin=\u00a0\u00bb||0.5em||false|false\u00a0\u00bb title_padding=\u00a0\u00bb|0.5em||0.5em|false|true\u00a0\u00bb text_margin=\u00a0\u00bb||0.5em||false|false\u00a0\u00bb content_container_margin=\u00a0\u00bb1em||1em||true|false\u00a0\u00bb admin_label=\u00a0\u00bbDivi Carousel\u00a0\u00bb module_class=\u00a0\u00bbcarrusel-interno\u00a0\u00bb _builder_version=\u00a0\u00bb4.27.0&Prime; _module_preset=\u00a0\u00bbdefault\u00a0\u00bb title_font=\u00a0\u00bb|700|||||||\u00a0\u00bb title_text_align=\u00a0\u00bbcenter\u00a0\u00bb title_font_size=\u00a0\u00bb21px\u00a0\u00bb title_line_height=\u00a0\u00bb1.2em\u00a0\u00bb body_text_align=\u00a0\u00bbcenter\u00a0\u00bb body_font_size=\u00a0\u00bb20px\u00a0\u00bb body_line_height=\u00a0\u00bb1.2em\u00a0\u00bb background_enable_color=\u00a0\u00bboff\u00a0\u00bb max_width=\u00a0\u00bb888px\u00a0\u00bb module_alignment=\u00a0\u00bbcenter\u00a0\u00bb custom_padding=\u00a0\u00bb||||false|false\u00a0\u00bb title_font_size_tablet=\u00a0\u00bb18px\u00a0\u00bb title_font_size_phone=\u00a0\u00bb16px\u00a0\u00bb title_font_size_last_edited=\u00a0\u00bbon|desktop\u00a0\u00bb body_font_size_tablet=\u00a0\u00bb17px\u00a0\u00bb body_font_size_phone=\u00a0\u00bb15px\u00a0\u00bb body_font_size_last_edited=\u00a0\u00bbon|tablet\u00a0\u00bb border_radii_item=\u00a0\u00bbon|20px|20px|20px|20px\u00a0\u00bb global_colors_info=\u00a0\u00bb{}\u00a0\u00bb][dica_divi_carouselitem title=\u00a0\u00bbAssistance voyage plus\u00a0\u00bb button_text=\u00a0\u00bbApprendre encore plus\u00a0\u00bb button_url=\u00a0\u00bb#\u00a0\u00bb button_url_new_window=\u00a0\u00bb1&Prime; image=\u00a0\u00bbhttps:\/\/www.assap.ad\/wp-content\/uploads\/2024\/08\/icono-Asistencia-en-viaje-plus.svg\u00a0\u00bb _builder_version=\u00a0\u00bb4.27.0&Prime; _dynamic_attributes=\u00a0\u00bblink_option_url\u00a0\u00bb _module_preset=\u00a0\u00bbdefault\u00a0\u00bb background_color=\u00a0\u00bb#F3F8FC\u00a0\u00bb background_enable_color=\u00a0\u00bbon\u00a0\u00bb custom_button=\u00a0\u00bbon\u00a0\u00bb button_text_size=\u00a0\u00bb20px\u00a0\u00bb button_text_color=\u00a0\u00bb#1E608E\u00a0\u00bb button_bg_color=\u00a0\u00bbRGBA(255,255,255,0)\u00a0\u00bb button_alignment=\u00a0\u00bbcenter\u00a0\u00bb link_option_url=\u00a0\u00bb@ET-DC@eyJkeW5hbWljIjp0cnVlLCJjb250ZW50IjoicG9zdF9saW5rX3VybF9wYWdlIiwic2V0dGluZ3MiOnsicG9zdF9pZCI6IjUxMTIiLCJlbmFibGVfaHRtbCI6Im9mZiJ9fQ==@\u00a0\u00bb button_text_size_tablet=\u00a0\u00bb18px\u00a0\u00bb button_text_size_phone=\u00a0\u00bb15px\u00a0\u00bb button_text_size_last_edited=\u00a0\u00bbon|phone\u00a0\u00bb custom_css_free_form=\u00a0\u00bbselector:hover img {||  content: url(%22https:\/\/www.assap.ad\/wp-content\/uploads\/2024\/08\/icono-Asistencia-en-viaje-plus-hover.svg%22);||}\u00a0\u00bb border_radii_item=\u00a0\u00bbon|20px|20px|20px|20px\u00a0\u00bb global_colors_info=\u00a0\u00bb{}\u00a0\u00bb button_bg_color__hover_enabled=\u00a0\u00bbon|hover\u00a0\u00bb button_bg_enable_color__hover=\u00a0\u00bbon\u00a0\u00bb button_text_color__hover_enabled=\u00a0\u00bboff|hover\u00a0\u00bb button_bg_color__hover=\u00a0\u00bbRGBA(255,255,255,0)\u00a0\u00bb]<\/p>\n<p>La meilleure assurance pour les longs voyages<\/p>\n<p>[\/dica_divi_carouselitem][dica_divi_carouselitem title=\u00a0\u00bbSki\u00a0\u00bb button_text=\u00a0\u00bbApprendre encore plus\u00a0\u00bb button_url=\u00a0\u00bb#\u00a0\u00bb button_url_new_window=\u00a0\u00bb1&Prime; image=\u00a0\u00bbhttps:\/\/www.assap.ad\/wp-content\/uploads\/2024\/08\/icono-Esqui.svg\u00a0\u00bb _builder_version=\u00a0\u00bb4.27.0&Prime; _dynamic_attributes=\u00a0\u00bblink_option_url\u00a0\u00bb _module_preset=\u00a0\u00bbdefault\u00a0\u00bb background_color=\u00a0\u00bb#F3F8FC\u00a0\u00bb background_enable_color=\u00a0\u00bbon\u00a0\u00bb custom_button=\u00a0\u00bbon\u00a0\u00bb button_text_size=\u00a0\u00bb20px\u00a0\u00bb button_text_color=\u00a0\u00bb#1E608E\u00a0\u00bb button_bg_color=\u00a0\u00bbRGBA(255,255,255,0)\u00a0\u00bb button_alignment=\u00a0\u00bbcenter\u00a0\u00bb link_option_url=\u00a0\u00bb@ET-DC@eyJkeW5hbWljIjp0cnVlLCJjb250ZW50IjoicG9zdF9saW5rX3VybF9wYWdlIiwic2V0dGluZ3MiOnsicG9zdF9pZCI6IjUxMjEiLCJlbmFibGVfaHRtbCI6Im9mZiJ9fQ==@\u00a0\u00bb button_text_size_tablet=\u00a0\u00bb18px\u00a0\u00bb button_text_size_phone=\u00a0\u00bb15px\u00a0\u00bb button_text_size_last_edited=\u00a0\u00bbon|phone\u00a0\u00bb custom_css_free_form=\u00a0\u00bbselector:hover img {||  content: url(%22https:\/\/www.assap.ad\/wp-content\/uploads\/2024\/08\/icono-Esqui-hover.svg%22);||}\u00a0\u00bb border_radii_item=\u00a0\u00bbon|20px|20px|20px|20px\u00a0\u00bb global_colors_info=\u00a0\u00bb{}\u00a0\u00bb button_bg_color__hover_enabled=\u00a0\u00bbon|hover\u00a0\u00bb button_bg_enable_color__hover=\u00a0\u00bbon\u00a0\u00bb button_text_color__hover_enabled=\u00a0\u00bboff|hover\u00a0\u00bb button_bg_color__hover=\u00a0\u00bbRGBA(255,255,255,0)\u00a0\u00bb]<\/p>\n<p>La meilleure assurance pour les skieurs<\/p>\n<p>[\/dica_divi_carouselitem][dica_divi_carouselitem title=\u00a0\u00bbVoyage de base\u00a0\u00bb button_text=\u00a0\u00bbApprendre encore plus\u00a0\u00bb button_url=\u00a0\u00bb#\u00a0\u00bb button_url_new_window=\u00a0\u00bb1&Prime; image=\u00a0\u00bbhttps:\/\/www.assap.ad\/wp-content\/uploads\/2024\/08\/icono-Viaje-basico.svg\u00a0\u00bb _builder_version=\u00a0\u00bb4.27.0&Prime; _dynamic_attributes=\u00a0\u00bblink_option_url\u00a0\u00bb _module_preset=\u00a0\u00bbdefault\u00a0\u00bb background_color=\u00a0\u00bb#F3F8FC\u00a0\u00bb background_enable_color=\u00a0\u00bbon\u00a0\u00bb custom_button=\u00a0\u00bbon\u00a0\u00bb button_text_size=\u00a0\u00bb20px\u00a0\u00bb button_text_color=\u00a0\u00bb#1E608E\u00a0\u00bb button_bg_color=\u00a0\u00bbRGBA(255,255,255,0)\u00a0\u00bb button_alignment=\u00a0\u00bbcenter\u00a0\u00bb link_option_url=\u00a0\u00bb@ET-DC@eyJkeW5hbWljIjp0cnVlLCJjb250ZW50IjoicG9zdF9saW5rX3VybF9wYWdlIiwic2V0dGluZ3MiOnsicG9zdF9pZCI6IjUxMzQiLCJlbmFibGVfaHRtbCI6Im9mZiJ9fQ==@\u00a0\u00bb button_text_size_tablet=\u00a0\u00bb18px\u00a0\u00bb button_text_size_phone=\u00a0\u00bb15px\u00a0\u00bb button_text_size_last_edited=\u00a0\u00bbon|phone\u00a0\u00bb custom_css_free_form=\u00a0\u00bbselector:hover img {||  content: url(%22https:\/\/www.assap.ad\/wp-content\/uploads\/2024\/08\/icono-Viaje-basico-hover.svg%22);||}\u00a0\u00bb border_radii_item=\u00a0\u00bbon|20px|20px|20px|20px\u00a0\u00bb global_colors_info=\u00a0\u00bb{}\u00a0\u00bb button_bg_color__hover_enabled=\u00a0\u00bbon|hover\u00a0\u00bb button_bg_enable_color__hover=\u00a0\u00bbon\u00a0\u00bb button_text_color__hover_enabled=\u00a0\u00bboff|hover\u00a0\u00bb button_bg_color__hover=\u00a0\u00bbRGBA(255,255,255,0)\u00a0\u00bb]<\/p>\n<p>Assurance voyage de base<\/p>\n<p>[\/dica_divi_carouselitem][\/dica_divi_carousel][\/et_pb_column][\/et_pb_row][\/et_pb_section]<\/p>\n","protected":false},"excerpt":{"rendered":"<p><nav aria-label=\"breadcrumbs\" class=\"rank-math-breadcrumb\"><p><a href=\"https:\/\/www.assap.ad\/fr\/\">Inicio<\/a><span class=\"separator\"> &gt; <\/span><a href=\"https:\/\/www.assap.ad\/fr\/\">Assurance Andorre<\/a><span class=\"separator\"> &gt; <\/span><span class=\"last\">Inicio<\/span><\/p><\/nav>La meilleure assurance voyage en familleVous recherchez la tranquillit\u00e9 pour vos voyages en famille ? Chez ASSAP, nous comprenons que chaque famille est unique et que leurs besoins de mobilit\u00e9 en dehors du domicile varient \u00e9galement. C&rsquo;est pourquoi nous vous proposons une vari\u00e9t\u00e9 d&rsquo;options d&rsquo;assurance voyage familiale, adapt\u00e9es aux diverses dynamiques et exigences de chaque [&hellip;]<\/p>\n","protected":false},"author":1,"featured_media":6039,"parent":9405,"menu_order":30,"comment_status":"closed","ping_status":"closed","template":"","meta":{"_acf_changed":false,"_et_pb_use_builder":"on","_et_pb_old_content":"","_et_gb_content_width":"","inline_featured_image":false,"footnotes":""},"categoria-seguro":[],"class_list":["post-8959","page","type-page","status-publish","has-post-thumbnail","hentry"],"acf":[],"_links":{"self":[{"href":"https:\/\/www.assap.ad\/fr\/wp-json\/wp\/v2\/pages\/8959","targetHints":{"allow":["GET"]}}],"collection":[{"href":"https:\/\/www.assap.ad\/fr\/wp-json\/wp\/v2\/pages"}],"about":[{"href":"https:\/\/www.assap.ad\/fr\/wp-json\/wp\/v2\/types\/page"}],"author":[{"embeddable":true,"href":"https:\/\/www.assap.ad\/fr\/wp-json\/wp\/v2\/users\/1"}],"replies":[{"embeddable":true,"href":"https:\/\/www.assap.ad\/fr\/wp-json\/wp\/v2\/comments?post=8959"}],"version-history":[{"count":9,"href":"https:\/\/www.assap.ad\/fr\/wp-json\/wp\/v2\/pages\/8959\/revisions"}],"predecessor-version":[{"id":11003,"href":"https:\/\/www.assap.ad\/fr\/wp-json\/wp\/v2\/pages\/8959\/revisions\/11003"}],"up":[{"embeddable":true,"href":"https:\/\/www.assap.ad\/fr\/wp-json\/wp\/v2\/pages\/9405"}],"wp:featuredmedia":[{"embeddable":true,"href":"https:\/\/www.assap.ad\/fr\/wp-json\/wp\/v2\/media\/6039"}],"wp:attachment":[{"href":"https:\/\/www.assap.ad\/fr\/wp-json\/wp\/v2\/media?parent=8959"}],"wp:term":[{"taxonomy":"categoria-seguro","embeddable":true,"href":"https:\/\/www.assap.ad\/fr\/wp-json\/wp\/v2\/categoria-seguro?post=8959"}],"curies":[{"name":"wp","href":"https:\/\/api.w.org\/{rel}","templated":true}]}}