{"id":8975,"date":"2024-09-07T00:37:25","date_gmt":"2024-09-06T22:37:25","guid":{"rendered":"https:\/\/www.assap.ad\/produits-dinvestissement\/"},"modified":"2025-10-27T16:41:03","modified_gmt":"2025-10-27T15:41:03","slug":"produits-dinvestissement","status":"publish","type":"page","link":"https:\/\/www.assap.ad\/fr\/assurances-andarra\/produits-dinvestissement\/","title":{"rendered":"Produits d&rsquo;investissement"},"content":{"rendered":"<p>[et_pb_section fb_built=\u00a0\u00bb1&Prime; admin_label=\u00a0\u00bbTodo riesgo construcci\u00f3n\u00a0\u00bb _builder_version=\u00a0\u00bb4.27.0&Prime; _module_preset=\u00a0\u00bbdefault\u00a0\u00bb background_color=\u00a0\u00bb#F3F8FC\u00a0\u00bb custom_padding=\u00a0\u00bb0px||0px||true|\u00a0\u00bb locked=\u00a0\u00bboff\u00a0\u00bb global_colors_info=\u00a0\u00bb{}\u00a0\u00bb][et_pb_row column_structure=\u00a0\u00bb1_2,1_2&Prime; use_custom_gutter=\u00a0\u00bbon\u00a0\u00bb gutter_width=\u00a0\u00bb1&Prime; make_equal=\u00a0\u00bbon\u00a0\u00bb _builder_version=\u00a0\u00bb4.27.0&Prime; _module_preset=\u00a0\u00bbdefault\u00a0\u00bb background_enable_color=\u00a0\u00bboff\u00a0\u00bb width=\u00a0\u00bb100%\u00a0\u00bb width_tablet=\u00a0\u00bb100%\u00a0\u00bb width_phone=\u00a0\u00bb100%\u00a0\u00bb width_last_edited=\u00a0\u00bboff|phone\u00a0\u00bb max_width=\u00a0\u00bb1301px\u00a0\u00bb custom_padding=\u00a0\u00bb0px||0px||true|false\u00a0\u00bb global_colors_info=\u00a0\u00bb{}\u00a0\u00bb custom_css_main_element__hover_enabled=\u00a0\u00bboff|desktop\u00a0\u00bb custom_css_main_element_last_edited=\u00a0\u00bbon|tablet\u00a0\u00bb custom_css_main_element_tablet=\u00a0\u00bbdisplay: flex;||flex-direction: column-reverse;\u00a0\u00bb custom_css_main_element_phone=\u00a0\u00bbdisplay: flex;||flex-direction: column-reverse;\u00a0\u00bb][et_pb_column type=\u00a0\u00bb1_2&Prime; _builder_version=\u00a0\u00bb4.27.0&Prime; _module_preset=\u00a0\u00bbdefault\u00a0\u00bb custom_padding=\u00a0\u00bb40px|5.5%|5.5%|5.5%|false|true\u00a0\u00bb custom_padding_tablet=\u00a0\u00bb30px|8%|9%|8%|false|true\u00a0\u00bb custom_padding_phone=\u00a0\u00bb30px|10%|15%|10%|false|true\u00a0\u00bb custom_padding_last_edited=\u00a0\u00bbon|phone\u00a0\u00bb custom_css_main_element=\u00a0\u00bbdisplay: flex;||flex-direction: column;||justify-content: space-between;||\u00a0\u00bb global_colors_info=\u00a0\u00bb{}\u00a0\u00bb custom_css_main_element_last_edited=\u00a0\u00bboff|desktop\u00a0\u00bb custom_css_main_element_tablet=\u00a0\u00bbdisplay: flex;||flex-direction: column;||justify-content: space-between;||\u00a0\u00bb][et_pb_code admin_label=\u00a0\u00bbFil d&#039;Ariane\u00a0\u00bb module_class=\u00a0\u00bbbreadcrumb\u00a0\u00bb _builder_version=\u00a0\u00bb4.27.0&Prime; _module_preset=\u00a0\u00bbdefault\u00a0\u00bb custom_margin=\u00a0\u00bb||30px||false|false\u00a0\u00bb locked=\u00a0\u00bboff\u00a0\u00bb global_colors_info=\u00a0\u00bb{}\u00a0\u00bb]<nav aria-label=\"breadcrumbs\" class=\"rank-math-breadcrumb\"><p><a href=\"https:\/\/www.assap.ad\/fr\/\">Inicio<\/a><span class=\"separator\"> &gt; <\/span><span class=\"last\">Inicio<\/span><\/p><\/nav>[\/et_pb_code][et_pb_text admin_label=\u00a0\u00bbh1&Prime; _builder_version=\u00a0\u00bb4.27.0&Prime; _module_preset=\u00a0\u00bbdefault\u00a0\u00bb header_2_text_color=\u00a0\u00bb#FFFFFF\u00a0\u00bb animation_style=\u00a0\u00bbslide\u00a0\u00bb animation_direction=\u00a0\u00bbtop\u00a0\u00bb global_colors_info=\u00a0\u00bb{}\u00a0\u00bb]<\/p>\n<h1>Produits d&rsquo;investissement<\/h1>\n<p>[\/et_pb_text][et_pb_text _builder_version=\u00a0\u00bb4.27.2&Prime; _module_preset=\u00a0\u00bbdefault\u00a0\u00bb custom_margin=\u00a0\u00bb35px||40px||false|false\u00a0\u00bb custom_margin_tablet=\u00a0\u00bb30px||35px||false|false\u00a0\u00bb custom_margin_phone=\u00a0\u00bb20px||25px||false|false\u00a0\u00bb custom_margin_last_edited=\u00a0\u00bbon|desktop\u00a0\u00bb hover_enabled=\u00a0\u00bb0&Prime; text_line_height_last_edited=\u00a0\u00bboff|phone\u00a0\u00bb locked=\u00a0\u00bboff\u00a0\u00bb global_colors_info=\u00a0\u00bb{}\u00a0\u00bb sticky_enabled=\u00a0\u00bb0&Prime;]<\/p>\n<p class=\"p1\">Vous recherchez performance et s\u00e9curit\u00e9 pour vos placements \u00e0 court terme ? D\u00e9couvrez les produits d&rsquo;investissement ASSAP. Nos d\u00e9p\u00f4ts \u00e0 un an offrent des rendements solides avec un capital garanti, parfaits pour ceux qui cherchent \u00e0 r\u00e9aliser des b\u00e9n\u00e9fices s\u00fbrs en peu de temps.    <\/p>\n<p class=\"p1\">Avec ASSAP, investissez en toute confiance et s\u00e9curisez votre avenir financier.<\/p>\n<p>[\/et_pb_text][et_pb_button button_url=\u00a0\u00bb#solicitar-presupuesto\u00a0\u00bb button_text=\u00a0\u00bbDemandez un devis !\u00a0\u00bb _builder_version=\u00a0\u00bb4.27.0&Prime; _module_preset=\u00a0\u00bbdefault\u00a0\u00bb custom_margin=\u00a0\u00bb||||false|false\u00a0\u00bb custom_css_free_form=\u00a0\u00bbselector.et_pb_button:hover {background-color: #00538e!important;}\u00a0\u00bb locked=\u00a0\u00bboff\u00a0\u00bb global_colors_info=\u00a0\u00bb{}\u00a0\u00bb button_text_color__hover_enabled=\u00a0\u00bbon|hover\u00a0\u00bb button_text_color__hover=\u00a0\u00bb#FFFFFF\u00a0\u00bb button_bg_color__hover_enabled=\u00a0\u00bbon|hover\u00a0\u00bb button_bg_color__hover=\u00a0\u00bb#00538e\u00a0\u00bb button_bg_enable_color__hover=\u00a0\u00bbon\u00a0\u00bb custom_css_main_element__hover_enabled=\u00a0\u00bboff|hover\u00a0\u00bb][\/et_pb_button][\/et_pb_column][et_pb_column type=\u00a0\u00bb1_2&Prime; _builder_version=\u00a0\u00bb4.27.0&Prime; _dynamic_attributes=\u00a0\u00bbbackground_image\u00a0\u00bb _module_preset=\u00a0\u00bbdefault\u00a0\u00bb background_image=\u00a0\u00bb@ET-DC@eyJkeW5hbWljIjp0cnVlLCJjb250ZW50IjoicG9zdF9mZWF0dXJlZF9pbWFnZSIsInNldHRpbmdzIjp7fX0=@\u00a0\u00bb global_colors_info=\u00a0\u00bb{}\u00a0\u00bb custom_css_main_element_last_edited=\u00a0\u00bbon|phone\u00a0\u00bb custom_css_main_element_tablet=\u00a0\u00bbmin-height: 400px!important;||display: block!important;\u00a0\u00bb custom_css_main_element_phone=\u00a0\u00bbmin-height: 396px!important;||display: block!important;\u00a0\u00bb][\/et_pb_column][\/et_pb_row][\/et_pb_section][et_pb_section fb_built=\u00a0\u00bb1&Prime; admin_label=\u00a0\u00bb\u00bfEn qu\u00e9 consiste el seguro?\u00a0\u00bb _builder_version=\u00a0\u00bb4.25.2&Prime; _module_preset=\u00a0\u00bbdefault\u00a0\u00bb custom_padding=\u00a0\u00bb||||false|false\u00a0\u00bb global_colors_info=\u00a0\u00bb{}\u00a0\u00bb][et_pb_row _builder_version=\u00a0\u00bb4.27.0&Prime; _module_preset=\u00a0\u00bbdefault\u00a0\u00bb width_tablet=\u00a0\u00bb84.05%\u00a0\u00bb width_phone=\u00a0\u00bb80.05%\u00a0\u00bb width_last_edited=\u00a0\u00bbon|tablet\u00a0\u00bb global_colors_info=\u00a0\u00bb{}\u00a0\u00bb][et_pb_column type=\u00a0\u00bb4_4&Prime; admin_label=\u00a0\u00bbColonne\u00a0\u00bb _builder_version=\u00a0\u00bb4.25.2&Prime; _module_preset=\u00a0\u00bbdefault\u00a0\u00bb global_colors_info=\u00a0\u00bb{}\u00a0\u00bb][et_pb_text admin_label=\u00a0\u00bbh2&Prime; _builder_version=\u00a0\u00bb4.27.0&Prime; _module_preset=\u00a0\u00bbdefault\u00a0\u00bb header_2_text_align=\u00a0\u00bbcenter\u00a0\u00bb max_width=\u00a0\u00bb540px\u00a0\u00bb module_alignment=\u00a0\u00bbcenter\u00a0\u00bb animation_style=\u00a0\u00bbslide\u00a0\u00bb animation_direction=\u00a0\u00bbtop\u00a0\u00bb header_2_text_align_tablet=\u00a0\u00bbleft\u00a0\u00bb header_2_text_align_phone=\u00a0\u00bbleft\u00a0\u00bb header_2_text_align_last_edited=\u00a0\u00bbon|tablet\u00a0\u00bb module_alignment_tablet=\u00a0\u00bbleft\u00a0\u00bb module_alignment_phone=\u00a0\u00bbleft\u00a0\u00bb module_alignment_last_edited=\u00a0\u00bbon|tablet\u00a0\u00bb global_colors_info=\u00a0\u00bb{}\u00a0\u00bb]<\/p>\n<h2>Qu\u2019est-ce que l\u2019assurance des produits d\u2019investissement ?<\/h2>\n<p>[\/et_pb_text][\/et_pb_column][\/et_pb_row][et_pb_row _builder_version=\u00a0\u00bb4.27.0&Prime; _module_preset=\u00a0\u00bbdefault\u00a0\u00bb width_tablet=\u00a0\u00bb84.05%\u00a0\u00bb width_phone=\u00a0\u00bb80.05%\u00a0\u00bb custom_padding=\u00a0\u00bb0px|||||\u00a0\u00bb global_colors_info=\u00a0\u00bb{}\u00a0\u00bb][et_pb_column type=\u00a0\u00bb4_4&Prime; _builder_version=\u00a0\u00bb4.25.2&Prime; _module_preset=\u00a0\u00bbdefault\u00a0\u00bb global_colors_info=\u00a0\u00bb{}\u00a0\u00bb][et_pb_text admin_label=\u00a0\u00bbTexto\u00a0\u00bb _builder_version=\u00a0\u00bb4.27.0&Prime; _module_preset=\u00a0\u00bbdefault\u00a0\u00bb text_orientation=\u00a0\u00bbcenter\u00a0\u00bb max_width=\u00a0\u00bb910px\u00a0\u00bb max_width_tablet=\u00a0\u00bb100%\u00a0\u00bb max_width_phone=\u00a0\u00bb100%\u00a0\u00bb max_width_last_edited=\u00a0\u00bbon|tablet\u00a0\u00bb module_alignment=\u00a0\u00bbcenter\u00a0\u00bb text_orientation_tablet=\u00a0\u00bbleft\u00a0\u00bb text_orientation_phone=\u00a0\u00bbleft\u00a0\u00bb text_orientation_last_edited=\u00a0\u00bbon|phone\u00a0\u00bb module_alignment_tablet=\u00a0\u00bbleft\u00a0\u00bb module_alignment_phone=\u00a0\u00bbleft\u00a0\u00bb module_alignment_last_edited=\u00a0\u00bbon|tablet\u00a0\u00bb global_colors_info=\u00a0\u00bb{}\u00a0\u00bb]L&rsquo;assurance investissement est un produit financier con\u00e7u pour fournir un rendement garanti sur le capital d\u00e9pos\u00e9 pendant une p\u00e9riode convenue. En plus de garantir la performance, ils offrent s\u00e9curit\u00e9 et tranquillit\u00e9 d\u2019esprit \u00e0 ceux qui souhaitent prot\u00e9ger et faire cro\u00eetre leur patrimoine sur le long terme.[\/et_pb_text][\/et_pb_column][\/et_pb_row][\/et_pb_section][et_pb_section fb_built=\u00a0\u00bb1&Prime; admin_label=\u00a0\u00bb\u00bfQu\u00e9 cubre?\u00a0\u00bb _builder_version=\u00a0\u00bb4.25.2&Prime; _module_preset=\u00a0\u00bbdefault\u00a0\u00bb background_color=\u00a0\u00bb#F3F8FC\u00a0\u00bb global_colors_info=\u00a0\u00bb{}\u00a0\u00bb][et_pb_row _builder_version=\u00a0\u00bb4.27.0&Prime; _module_preset=\u00a0\u00bbdefault\u00a0\u00bb global_colors_info=\u00a0\u00bb{}\u00a0\u00bb][et_pb_column type=\u00a0\u00bb4_4&Prime; admin_label=\u00a0\u00bbColonne\u00a0\u00bb _builder_version=\u00a0\u00bb4.25.2&Prime; _module_preset=\u00a0\u00bbdefault\u00a0\u00bb global_colors_info=\u00a0\u00bb{}\u00a0\u00bb][et_pb_text admin_label=\u00a0\u00bbh2&Prime; _builder_version=\u00a0\u00bb4.27.2&Prime; _module_preset=\u00a0\u00bbdefault\u00a0\u00bb header_2_font=\u00a0\u00bb||||||||\u00a0\u00bb header_2_text_align=\u00a0\u00bbcenter\u00a0\u00bb max_width=\u00a0\u00bb420px\u00a0\u00bb max_width_tablet=\u00a0\u00bb350px\u00a0\u00bb max_width_phone=\u00a0\u00bb350px\u00a0\u00bb max_width_last_edited=\u00a0\u00bbon|phone\u00a0\u00bb module_alignment=\u00a0\u00bbcenter\u00a0\u00bb animation_style=\u00a0\u00bbslide\u00a0\u00bb animation_direction=\u00a0\u00bbtop\u00a0\u00bb hover_enabled=\u00a0\u00bb0&Prime; locked=\u00a0\u00bboff\u00a0\u00bb global_colors_info=\u00a0\u00bb{}\u00a0\u00bb sticky_enabled=\u00a0\u00bb0&Prime;]<\/p>\n<h2>Que couvrent les produits d\u2019investissement ?<\/h2>\n<p>[\/et_pb_text][\/et_pb_column][\/et_pb_row][et_pb_row _builder_version=\u00a0\u00bb4.27.0&Prime; _module_preset=\u00a0\u00bbdefault\u00a0\u00bb width_phone=\u00a0\u00bb85%\u00a0\u00bb custom_padding=\u00a0\u00bb||||false|false\u00a0\u00bb global_colors_info=\u00a0\u00bb{}\u00a0\u00bb][et_pb_column type=\u00a0\u00bb4_4&Prime; _builder_version=\u00a0\u00bb4.25.2&Prime; _module_preset=\u00a0\u00bbdefault\u00a0\u00bb global_colors_info=\u00a0\u00bb{}\u00a0\u00bb][et_pb_text admin_label=\u00a0\u00bbh3&Prime; _builder_version=\u00a0\u00bb4.26.0&Prime; _module_preset=\u00a0\u00bbdefault\u00a0\u00bb text_font=\u00a0\u00bb||||||||\u00a0\u00bb header_3_text_align=\u00a0\u00bbcenter\u00a0\u00bb text_orientation=\u00a0\u00bbcenter\u00a0\u00bb min_height=\u00a0\u00bb90px\u00a0\u00bb min_height_tablet=\u00a0\u00bb\u00a0\u00bb min_height_phone=\u00a0\u00bb\u00a0\u00bb min_height_last_edited=\u00a0\u00bbon|phone\u00a0\u00bb custom_margin=\u00a0\u00bb||||false|false\u00a0\u00bb custom_padding=\u00a0\u00bb||||false|false\u00a0\u00bb header_2_font_size_tablet=\u00a0\u00bb\u00a0\u00bb header_2_font_size_phone=\u00a0\u00bb\u00a0\u00bb header_2_font_size_last_edited=\u00a0\u00bbon|phone\u00a0\u00bb header_4_font_size_tablet=\u00a0\u00bb\u00a0\u00bb header_4_font_size_phone=\u00a0\u00bb\u00a0\u00bb header_4_font_size_last_edited=\u00a0\u00bbon|desktop\u00a0\u00bb global_colors_info=\u00a0\u00bb{}\u00a0\u00bb]<\/p>\n<h3>Couverture incluse<\/h3>\n<p>Avec et sans franchise*<\/p>\n<p>[\/et_pb_text][et_pb_toggle title=\u00a0\u00bbD\u00e9p\u00f4t garanti un an\u00a0\u00bb open_toggle_text_color=\u00a0\u00bb#1E608E\u00a0\u00bb open_toggle_background_color=\u00a0\u00bbRGBA(255,255,255,0)\u00a0\u00bb closed_toggle_background_color=\u00a0\u00bbRGBA(255,255,255,0)\u00a0\u00bb icon_color=\u00a0\u00bb#1E608E\u00a0\u00bb toggle_icon=\u00a0\u00bb&#x4c;||divi||400&Prime; open_icon_color=\u00a0\u00bb#1E608E\u00a0\u00bb open_toggle_icon=\u00a0\u00bb&#x4b;||divi||400&Prime; admin_label=\u00a0\u00bbDep\u00f3sito a 1 a\u00f1o garantizado\u00a0\u00bb module_class=\u00a0\u00bblista coberturas-una-columna\u00a0\u00bb _builder_version=\u00a0\u00bb4.27.2&Prime; _module_preset=\u00a0\u00bbdefault\u00a0\u00bb title_text_color=\u00a0\u00bb#1E608E\u00a0\u00bb title_font=\u00a0\u00bb||||||||\u00a0\u00bb closed_title_font=\u00a0\u00bb||||||||\u00a0\u00bb body_font=\u00a0\u00bb||||||||\u00a0\u00bb body_text_color=\u00a0\u00bb#1E608E\u00a0\u00bb custom_margin=\u00a0\u00bb||0px||false|false\u00a0\u00bb custom_padding=\u00a0\u00bb||0px||false|false\u00a0\u00bb hover_enabled=\u00a0\u00bb0&Prime; title_font_size_tablet=\u00a0\u00bb\u00a0\u00bb title_font_size_phone=\u00a0\u00bb\u00a0\u00bb title_font_size_last_edited=\u00a0\u00bbon|desktop\u00a0\u00bb closed_title_font_size_tablet=\u00a0\u00bb\u00a0\u00bb closed_title_font_size_phone=\u00a0\u00bb\u00a0\u00bb closed_title_font_size_last_edited=\u00a0\u00bbon|phone\u00a0\u00bb body_font_size_tablet=\u00a0\u00bb18px\u00a0\u00bb body_font_size_phone=\u00a0\u00bb15px\u00a0\u00bb body_font_size_last_edited=\u00a0\u00bbon|phone\u00a0\u00bb border_width_all=\u00a0\u00bb0px\u00a0\u00bb locked=\u00a0\u00bboff\u00a0\u00bb global_colors_info=\u00a0\u00bb{}\u00a0\u00bb sticky_enabled=\u00a0\u00bb0&Prime;]<\/p>\n<p class=\"p1\">D\u00e9p\u00f4t garanti d&rsquo;un an d&rsquo;un montant minimum de 6 000 \u20ac (rendement variable en fonction du taux d&rsquo;int\u00e9r\u00eat du march\u00e9).<\/p>\n<p>[\/et_pb_toggle][\/et_pb_column][\/et_pb_row][et_pb_row _builder_version=\u00a0\u00bb4.26.0&Prime; _module_preset=\u00a0\u00bbdefault\u00a0\u00bb global_colors_info=\u00a0\u00bb{}\u00a0\u00bb][et_pb_column type=\u00a0\u00bb4_4&Prime; _builder_version=\u00a0\u00bb4.26.0&Prime; _module_preset=\u00a0\u00bbdefault\u00a0\u00bb global_colors_info=\u00a0\u00bb{}\u00a0\u00bb][et_pb_text _builder_version=\u00a0\u00bb4.26.0&Prime; _module_preset=\u00a0\u00bbdefault\u00a0\u00bb text_font_size=\u00a0\u00bb10px\u00a0\u00bb text_line_height=\u00a0\u00bb1.3em\u00a0\u00bb max_width=\u00a0\u00bb380px\u00a0\u00bb text_font_size_tablet=\u00a0\u00bb10px\u00a0\u00bb text_font_size_phone=\u00a0\u00bb10px\u00a0\u00bb text_font_size_last_edited=\u00a0\u00bbon|phone\u00a0\u00bb global_colors_info=\u00a0\u00bb{}\u00a0\u00bb]<\/p>\n<p>* Couvertures et services soumis aux modalit\u00e9s applicables \u00e0 votre assurance. Cette rubrique n&rsquo;a aucune valeur contractuelle. <\/p>\n<p>[\/et_pb_text][et_pb_button button_url=\u00a0\u00bb#solicitar-presupuesto\u00a0\u00bb button_text=\u00a0\u00bbDemandez un devis !\u00a0\u00bb button_alignment=\u00a0\u00bbcenter\u00a0\u00bb _builder_version=\u00a0\u00bb4.27.0&Prime; _module_preset=\u00a0\u00bbdefault\u00a0\u00bb custom_margin=\u00a0\u00bb||||false|false\u00a0\u00bb locked=\u00a0\u00bboff\u00a0\u00bb global_colors_info=\u00a0\u00bb{}\u00a0\u00bb button_text_color__hover_enabled=\u00a0\u00bbon|hover\u00a0\u00bb button_text_color__hover=\u00a0\u00bb#FFFFFF\u00a0\u00bb button_bg_color__hover_enabled=\u00a0\u00bbon|hover\u00a0\u00bb button_bg_color__hover=\u00a0\u00bb#00538e\u00a0\u00bb button_bg_enable_color__hover=\u00a0\u00bbon\u00a0\u00bb custom_css_main_element__hover_enabled=\u00a0\u00bboff|hover\u00a0\u00bb][\/et_pb_button][\/et_pb_column][\/et_pb_row][\/et_pb_section]<\/p>\n","protected":false},"excerpt":{"rendered":"<p><nav aria-label=\"breadcrumbs\" class=\"rank-math-breadcrumb\"><p><a href=\"https:\/\/www.assap.ad\/fr\/\">Inicio<\/a><span class=\"separator\"> &gt; <\/span><span class=\"last\">Inicio<\/span><\/p><\/nav>Produits d&rsquo;investissementVous recherchez performance et s\u00e9curit\u00e9 pour vos placements \u00e0 court terme ? D\u00e9couvrez les produits d&rsquo;investissement ASSAP. Nos d\u00e9p\u00f4ts \u00e0 un an offrent des rendements solides avec un capital garanti, parfaits pour ceux qui cherchent \u00e0 r\u00e9aliser des b\u00e9n\u00e9fices s\u00fbrs en peu de temps. Avec ASSAP, investissez en toute confiance et s\u00e9curisez votre avenir [&hellip;]<\/p>\n","protected":false},"author":1,"featured_media":6009,"parent":9405,"menu_order":33,"comment_status":"closed","ping_status":"closed","template":"","meta":{"_acf_changed":false,"_et_pb_use_builder":"on","_et_pb_old_content":"","_et_gb_content_width":"","inline_featured_image":false,"footnotes":""},"categoria-seguro":[39],"class_list":["post-8975","page","type-page","status-publish","has-post-thumbnail","hentry","categoria-seguro-particulares"],"acf":[],"_links":{"self":[{"href":"https:\/\/www.assap.ad\/fr\/wp-json\/wp\/v2\/pages\/8975","targetHints":{"allow":["GET"]}}],"collection":[{"href":"https:\/\/www.assap.ad\/fr\/wp-json\/wp\/v2\/pages"}],"about":[{"href":"https:\/\/www.assap.ad\/fr\/wp-json\/wp\/v2\/types\/page"}],"author":[{"embeddable":true,"href":"https:\/\/www.assap.ad\/fr\/wp-json\/wp\/v2\/users\/1"}],"replies":[{"embeddable":true,"href":"https:\/\/www.assap.ad\/fr\/wp-json\/wp\/v2\/comments?post=8975"}],"version-history":[{"count":3,"href":"https:\/\/www.assap.ad\/fr\/wp-json\/wp\/v2\/pages\/8975\/revisions"}],"predecessor-version":[{"id":13067,"href":"https:\/\/www.assap.ad\/fr\/wp-json\/wp\/v2\/pages\/8975\/revisions\/13067"}],"up":[{"embeddable":true,"href":"https:\/\/www.assap.ad\/fr\/wp-json\/wp\/v2\/pages\/9405"}],"wp:featuredmedia":[{"embeddable":true,"href":"https:\/\/www.assap.ad\/fr\/wp-json\/wp\/v2\/media\/6009"}],"wp:attachment":[{"href":"https:\/\/www.assap.ad\/fr\/wp-json\/wp\/v2\/media?parent=8975"}],"wp:term":[{"taxonomy":"categoria-seguro","embeddable":true,"href":"https:\/\/www.assap.ad\/fr\/wp-json\/wp\/v2\/categoria-seguro?post=8975"}],"curies":[{"name":"wp","href":"https:\/\/api.w.org\/{rel}","templated":true}]}}